{"id":946,"date":"2022-10-19T17:18:35","date_gmt":"2022-10-19T21:18:35","guid":{"rendered":"https:\/\/tourismevalleedelagatineau.com\/?page_id=946"},"modified":"2023-01-06T14:48:43","modified_gmt":"2023-01-06T19:48:43","slug":"about","status":"publish","type":"page","link":"https:\/\/tourismevalleedelagatineau.com\/en\/explore-the-region\/about\/","title":{"rendered":"About"},"content":{"rendered":"\n<div class=\"wp-block-cover alignfull is-light is-style-title-banner\"><span aria-hidden=\"true\" class=\"wp-block-cover__background has-background-dim\"><\/span><img decoding=\"async\" width=\"2560\" height=\"1919\" class=\"wp-block-cover__image-background wp-image-897 lazyload\" alt=\"\" data-src=\"https:\/\/tourismevalleedelagatineau.com\/wp-content\/smush-webp\/2022\/11\/Pont-Savoyard_Grand-Remous-scaled.jpg.webp\" style=\"--smush-placeholder-width: 2560px; --smush-placeholder-aspect-ratio: 2560\/1919;object-position:47% 78%\" data-object-fit=\"cover\" data-object-position=\"47% 78%\" data-srcset=\"https:\/\/tourismevalleedelagatineau.com\/wp-content\/smush-webp\/2022\/11\/Pont-Savoyard_Grand-Remous-scaled.jpg.webp 2560w, https:\/\/tourismevalleedelagatineau.com\/wp-content\/smush-webp\/2022\/11\/Pont-Savoyard_Grand-Remous-300x225.jpg.webp 300w, https:\/\/tourismevalleedelagatineau.com\/wp-content\/smush-webp\/2022\/11\/Pont-Savoyard_Grand-Remous-1024x768.jpg.webp 1024w, https:\/\/tourismevalleedelagatineau.com\/wp-content\/smush-webp\/2022\/11\/Pont-Savoyard_Grand-Remous-768x576.jpg.webp 768w, https:\/\/tourismevalleedelagatineau.com\/wp-content\/smush-webp\/2022\/11\/Pont-Savoyard_Grand-Remous-1536x1151.jpg.webp 1536w, https:\/\/tourismevalleedelagatineau.com\/wp-content\/smush-webp\/2022\/11\/Pont-Savoyard_Grand-Remous-2048x1535.jpg.webp 2048w\" data-sizes=\"(max-width: 2560px) 100vw, 2560px\" src=\"data:image\/svg+xml;base64,PHN2ZyB3aWR0aD0iMSIgaGVpZ2h0PSIxIiB4bWxucz0iaHR0cDovL3d3dy53My5vcmcvMjAwMC9zdmciPjwvc3ZnPg==\" \/><div class=\"wp-block-cover__inner-container\"><h3 class=\"wp-block-post-title\">About<\/h3><\/div><\/div>\n\n\n\n<div class=\"wp-block-group alignfull has-padding-y-large has-bleu-gris-bc-background-color has-background\"><div class=\"yoast-breadcrumbs alignwide \"><span class=\"breadcrumbs\"><a href=\"https:\/\/tourismevalleedelagatineau.com\/en\/\" class=\"breadcrumbs__element\">Accueil<\/a> <span class=\"breadcrumbs__separator\">\n        <svg class=\"icon icon-breadcrumb__separator\"><use xlink:href=\"#icon-breadcrumb__separator\"><\/use><\/svg>\n    <\/span> <a href=\"https:\/\/tourismevalleedelagatineau.com\/en\/explore-the-region\/\" class=\"breadcrumbs__element\">Explore the region<\/a> <span class=\"breadcrumbs__separator\">\n        <svg class=\"icon icon-breadcrumb__separator\"><use xlink:href=\"#icon-breadcrumb__separator\"><\/use><\/svg>\n    <\/span> <span class=\"breadcrumbs__element breadcrumbs__element-current\">About<\/span><\/span><\/div><\/div>\n\n\n\n<h1 class=\"wp-block-heading\">About<\/h1>\n\n\n\n<p class=\"wp-block-paragraph\">The Gatineau Valley is located in the Outaouais administrative region, at the crossroads of the Laurentians and Abitibi-T\u00e9miscamingue regions.<\/p>\n\n\n\n<p class=\"wp-block-paragraph\">With more than 20,500 inhabitants, the territory was developed along the Gatineau River and Route 105, which crosses it entirely from north to south.<\/p>\n\n\n\n<p class=\"wp-block-paragraph\">The territory stretches nearly 250 km from south to north. Its most southern part is about a 30-minute drive from Gatineau-Ottawa. It includes the ZECs (<em>Zones d\u2019exploitation contr\u00f4l\u00e9e \u2013 <\/em>\u201cControlled Harvesting Zones\u201d) Bras-Coup\u00e9-D\u00e9sert and Pontiac, a part of the La V\u00e9rendrye wildlife reserve and of the Baskatong reservoir, as well as large forests, accounting for more than half of its area.<\/p>\n\n\n\n<p class=\"wp-block-paragraph\">This region is blessed with natural resources; among other attractions, its bodies of water are of exceptional quality. It is therefore a privileged destination for tourists in search of adventures in the wild and of outdoor recreational activities such as hunting and fishing, among others.<\/p>\n\n\n\n<p class=\"wp-block-paragraph\">Thanks to its cottage and tourist infrastructures, the region attracts nearly 40,000 seasonal residents in the summer.\u00a0<\/p>\n\n\n\n<figure class=\"wp-block-image size-large\"><img decoding=\"async\" width=\"633\" height=\"1024\" data-src=\"https:\/\/tourismevalleedelagatineau.com\/wp-content\/smush-webp\/2023\/01\/Territoire-vallee-de-la-gatineau-633x1024.png.webp\" alt=\"\" class=\"wp-image-1196 lazyload\" data-srcset=\"https:\/\/tourismevalleedelagatineau.com\/wp-content\/smush-webp\/2023\/01\/Territoire-vallee-de-la-gatineau-633x1024.png.webp 633w, https:\/\/tourismevalleedelagatineau.com\/wp-content\/smush-webp\/2023\/01\/Territoire-vallee-de-la-gatineau-185x300.png.webp 185w, https:\/\/tourismevalleedelagatineau.com\/wp-content\/smush-webp\/2023\/01\/Territoire-vallee-de-la-gatineau-768x1243.png.webp 768w, https:\/\/tourismevalleedelagatineau.com\/wp-content\/smush-webp\/2023\/01\/Territoire-vallee-de-la-gatineau-949x1536.png.webp 949w, https:\/\/tourismevalleedelagatineau.com\/wp-content\/smush-webp\/2023\/01\/Territoire-vallee-de-la-gatineau.png.webp 1056w\" data-sizes=\"(max-width: 633px) 100vw, 633px\" src=\"data:image\/svg+xml;base64,PHN2ZyB3aWR0aD0iMSIgaGVpZ2h0PSIxIiB4bWxucz0iaHR0cDovL3d3dy53My5vcmcvMjAwMC9zdmciPjwvc3ZnPg==\" style=\"--smush-placeholder-width: 633px; --smush-placeholder-aspect-ratio: 633\/1024;\" \/><figcaption class=\"screen-reader-text\">About<\/figcaption><\/figure>\n","protected":false},"excerpt":{"rendered":"<p>About The Gatineau Valley is located in the Outaouais administrative region, at the crossroads of the Laurentians and Abitibi-T\u00e9miscamingue regions. With more than 20,500 inhabitants, the territory was developed along the Gatineau River and Route 105, which crosses it entirely from north to south. The territory stretches nearly 250 km from south to north. Its most southern part is about a 30-minute drive from Gatineau-Ottawa. It includes the ZECs (Zones d\u2019exploitation contr\u00f4l\u00e9e \u2013 \u201cControlled Harvesting Zones\u201d) Bras-Coup\u00e9-D\u00e9sert and Pontiac, a part of the La V\u00e9rendrye wildlife reserve and of the Baskatong reservoir, as well as large forests, accounting for more than [&hellip;]<\/p>\n","protected":false},"author":1,"featured_media":4578,"parent":943,"menu_order":0,"comment_status":"closed","ping_status":"closed","template":"","meta":{"_acf_changed":false,"_crdt_document":"","_eb_attr":"","inline_featured_image":false,"footnotes":""},"class_list":["post-946","page","type-page","status-publish","has-post-thumbnail","hentry"],"acf":[],"yoast_head":"<!-- This site is optimized with the Yoast SEO plugin v27.3 - https:\/\/yoast.com\/product\/yoast-seo-wordpress\/ -->\n<title>About - Tourisme Vall\u00e9e-de-la-Gatineau<\/title>\n<meta name=\"robots\" content=\"index, follow, max-snippet:-1, max-image-preview:large, max-video-preview:-1\" \/>\n<link rel=\"canonical\" href=\"https:\/\/tourismevalleedelagatineau.com\/en\/explore-the-region\/about\/\" \/>\n<meta property=\"og:locale\" content=\"en_US\" \/>\n<meta property=\"og:type\" content=\"article\" \/>\n<meta property=\"og:title\" content=\"About - Tourisme Vall\u00e9e-de-la-Gatineau\" \/>\n<meta property=\"og:description\" content=\"About The Gatineau Valley is located in the Outaouais administrative region, at the crossroads of the Laurentians and Abitibi-T\u00e9miscamingue regions. With more than 20,500 inhabitants, the territory was developed along the Gatineau River and Route 105, which crosses it entirely from north to south. The territory stretches nearly 250 km from south to north. Its most southern part is about a 30-minute drive from Gatineau-Ottawa. It includes the ZECs (Zones d\u2019exploitation contr\u00f4l\u00e9e \u2013 \u201cControlled Harvesting Zones\u201d) Bras-Coup\u00e9-D\u00e9sert and Pontiac, a part of the La V\u00e9rendrye wildlife reserve and of the Baskatong reservoir, as well as large forests, accounting for more than [&hellip;]\" \/>\n<meta property=\"og:url\" content=\"https:\/\/tourismevalleedelagatineau.com\/en\/explore-the-region\/about\/\" \/>\n<meta property=\"og:site_name\" content=\"Tourisme Vall\u00e9e-de-la-Gatineau\" \/>\n<meta property=\"article:publisher\" content=\"https:\/\/www.facebook.com\/LoisirsetcultureValleedelaGatineau\" \/>\n<meta property=\"article:modified_time\" content=\"2023-01-06T19:48:43+00:00\" \/>\n<meta property=\"og:image\" content=\"https:\/\/tourismevalleedelagatineau.com\/wp-content\/uploads\/2023\/03\/image.png\" \/>\n\t<meta property=\"og:image:width\" content=\"761\" \/>\n\t<meta property=\"og:image:height\" content=\"390\" \/>\n\t<meta property=\"og:image:type\" content=\"image\/png\" \/>\n<meta name=\"twitter:card\" content=\"summary_large_image\" \/>\n<meta name=\"twitter:label1\" content=\"Est. reading time\" \/>\n\t<meta name=\"twitter:data1\" content=\"2 minutes\" \/>\n<script type=\"application\/ld+json\" class=\"yoast-schema-graph\">{\n\t    \"@context\": \"https:\\\/\\\/schema.org\",\n\t    \"@graph\": [\n\t        {\n\t            \"@type\": \"WebPage\",\n\t            \"@id\": \"https:\\\/\\\/tourismevalleedelagatineau.com\\\/en\\\/explore-the-region\\\/about\\\/\",\n\t            \"url\": \"https:\\\/\\\/tourismevalleedelagatineau.com\\\/en\\\/explore-the-region\\\/about\\\/\",\n\t            \"name\": \"About - Tourisme Vall\u00e9e-de-la-Gatineau\",\n\t            \"isPartOf\": {\n\t                \"@id\": \"https:\\\/\\\/tourismevalleedelagatineau.com\\\/en\\\/#website\"\n\t            },\n\t            \"primaryImageOfPage\": {\n\t                \"@id\": \"https:\\\/\\\/tourismevalleedelagatineau.com\\\/en\\\/explore-the-region\\\/about\\\/#primaryimage\"\n\t            },\n\t            \"image\": {\n\t                \"@id\": \"https:\\\/\\\/tourismevalleedelagatineau.com\\\/en\\\/explore-the-region\\\/about\\\/#primaryimage\"\n\t            },\n\t            \"thumbnailUrl\": \"https:\\\/\\\/tourismevalleedelagatineau.com\\\/wp-content\\\/uploads\\\/2023\\\/03\\\/image.png\",\n\t            \"datePublished\": \"2022-10-19T21:18:35+00:00\",\n\t            \"dateModified\": \"2023-01-06T19:48:43+00:00\",\n\t            \"breadcrumb\": {\n\t                \"@id\": \"https:\\\/\\\/tourismevalleedelagatineau.com\\\/en\\\/explore-the-region\\\/about\\\/#breadcrumb\"\n\t            },\n\t            \"inLanguage\": \"en-CA\",\n\t            \"potentialAction\": [\n\t                {\n\t                    \"@type\": \"ReadAction\",\n\t                    \"target\": [\n\t                        \"https:\\\/\\\/tourismevalleedelagatineau.com\\\/en\\\/explore-the-region\\\/about\\\/\"\n\t                    ]\n\t                }\n\t            ]\n\t        },\n\t        {\n\t            \"@type\": \"ImageObject\",\n\t            \"inLanguage\": \"en-CA\",\n\t            \"@id\": \"https:\\\/\\\/tourismevalleedelagatineau.com\\\/en\\\/explore-the-region\\\/about\\\/#primaryimage\",\n\t            \"url\": \"https:\\\/\\\/tourismevalleedelagatineau.com\\\/wp-content\\\/uploads\\\/2023\\\/03\\\/image.png\",\n\t            \"contentUrl\": \"https:\\\/\\\/tourismevalleedelagatineau.com\\\/wp-content\\\/uploads\\\/2023\\\/03\\\/image.png\",\n\t            \"width\": 761,\n\t            \"height\": 390\n\t        },\n\t        {\n\t            \"@type\": \"BreadcrumbList\",\n\t            \"@id\": \"https:\\\/\\\/tourismevalleedelagatineau.com\\\/en\\\/explore-the-region\\\/about\\\/#breadcrumb\",\n\t            \"itemListElement\": [\n\t                {\n\t                    \"@type\": \"ListItem\",\n\t                    \"position\": 1,\n\t                    \"name\": \"Accueil\",\n\t                    \"item\": \"https:\\\/\\\/tourismevalleedelagatineau.com\\\/en\\\/\"\n\t                },\n\t                {\n\t                    \"@type\": \"ListItem\",\n\t                    \"position\": 2,\n\t                    \"name\": \"Explore the region\",\n\t                    \"item\": \"https:\\\/\\\/tourismevalleedelagatineau.com\\\/en\\\/explore-the-region\\\/\"\n\t                },\n\t                {\n\t                    \"@type\": \"ListItem\",\n\t                    \"position\": 3,\n\t                    \"name\": \"About\"\n\t                }\n\t            ]\n\t        },\n\t        {\n\t            \"@type\": \"WebSite\",\n\t            \"@id\": \"https:\\\/\\\/tourismevalleedelagatineau.com\\\/en\\\/#website\",\n\t            \"url\": \"https:\\\/\\\/tourismevalleedelagatineau.com\\\/en\\\/\",\n\t            \"name\": \"Tourisme Vall\u00e9e-de-la-Gatineau\",\n\t            \"description\": \"\",\n\t            \"publisher\": {\n\t                \"@id\": \"https:\\\/\\\/tourismevalleedelagatineau.com\\\/en\\\/#organization\"\n\t            },\n\t            \"potentialAction\": [\n\t                {\n\t                    \"@type\": \"SearchAction\",\n\t                    \"target\": {\n\t                        \"@type\": \"EntryPoint\",\n\t                        \"urlTemplate\": \"https:\\\/\\\/tourismevalleedelagatineau.com\\\/en\\\/?s={search_term_string}\"\n\t                    },\n\t                    \"query-input\": {\n\t                        \"@type\": \"PropertyValueSpecification\",\n\t                        \"valueRequired\": true,\n\t                        \"valueName\": \"search_term_string\"\n\t                    }\n\t                }\n\t            ],\n\t            \"inLanguage\": \"en-CA\"\n\t        },\n\t        {\n\t            \"@type\": \"Organization\",\n\t            \"@id\": \"https:\\\/\\\/tourismevalleedelagatineau.com\\\/en\\\/#organization\",\n\t            \"name\": \"Tourisme Vall\u00e9e-de-la-Gatineau\",\n\t            \"url\": \"https:\\\/\\\/tourismevalleedelagatineau.com\\\/en\\\/\",\n\t            \"logo\": {\n\t                \"@type\": \"ImageObject\",\n\t                \"inLanguage\": \"en-CA\",\n\t                \"@id\": \"https:\\\/\\\/tourismevalleedelagatineau.com\\\/en\\\/#\\\/schema\\\/logo\\\/image\\\/\",\n\t                \"url\": \"https:\\\/\\\/tourismevalleedelagatineau.com\\\/wp-content\\\/uploads\\\/2022\\\/11\\\/logo-header.png\",\n\t                \"contentUrl\": \"https:\\\/\\\/tourismevalleedelagatineau.com\\\/wp-content\\\/uploads\\\/2022\\\/11\\\/logo-header.png\",\n\t                \"width\": 197,\n\t                \"height\": 57,\n\t                \"caption\": \"Tourisme Vall\u00e9e-de-la-Gatineau\"\n\t            },\n\t            \"image\": {\n\t                \"@id\": \"https:\\\/\\\/tourismevalleedelagatineau.com\\\/en\\\/#\\\/schema\\\/logo\\\/image\\\/\"\n\t            },\n\t            \"sameAs\": [\n\t                \"https:\\\/\\\/www.facebook.com\\\/LoisirsetcultureValleedelaGatineau\",\n\t                \"https:\\\/\\\/www.instagram.com\\\/mrc.vallee.de.la.gatineau\\\/\"\n\t            ]\n\t        }\n\t    ]\n\t}<\/script>\n<!-- \/ Yoast SEO plugin. -->","yoast_head_json":{"title":"About - Tourisme Vall\u00e9e-de-la-Gatineau","robots":{"index":"index","follow":"follow","max-snippet":"max-snippet:-1","max-image-preview":"max-image-preview:large","max-video-preview":"max-video-preview:-1"},"canonical":"https:\/\/tourismevalleedelagatineau.com\/en\/explore-the-region\/about\/","og_locale":"en_US","og_type":"article","og_title":"About - Tourisme Vall\u00e9e-de-la-Gatineau","og_description":"About The Gatineau Valley is located in the Outaouais administrative region, at the crossroads of the Laurentians and Abitibi-T\u00e9miscamingue regions. With more than 20,500 inhabitants, the territory was developed along the Gatineau River and Route 105, which crosses it entirely from north to south. The territory stretches nearly 250 km from south to north. Its most southern part is about a 30-minute drive from Gatineau-Ottawa. It includes the ZECs (Zones d\u2019exploitation contr\u00f4l\u00e9e \u2013 \u201cControlled Harvesting Zones\u201d) Bras-Coup\u00e9-D\u00e9sert and Pontiac, a part of the La V\u00e9rendrye wildlife reserve and of the Baskatong reservoir, as well as large forests, accounting for more than [&hellip;]","og_url":"https:\/\/tourismevalleedelagatineau.com\/en\/explore-the-region\/about\/","og_site_name":"Tourisme Vall\u00e9e-de-la-Gatineau","article_publisher":"https:\/\/www.facebook.com\/LoisirsetcultureValleedelaGatineau","article_modified_time":"2023-01-06T19:48:43+00:00","og_image":[{"width":761,"height":390,"url":"https:\/\/tourismevalleedelagatineau.com\/wp-content\/uploads\/2023\/03\/image.png","type":"image\/png"}],"twitter_card":"summary_large_image","twitter_misc":{"Est. reading time":"2 minutes"},"schema":{"@context":"https:\/\/schema.org","@graph":[{"@type":"WebPage","@id":"https:\/\/tourismevalleedelagatineau.com\/en\/explore-the-region\/about\/","url":"https:\/\/tourismevalleedelagatineau.com\/en\/explore-the-region\/about\/","name":"About - Tourisme Vall\u00e9e-de-la-Gatineau","isPartOf":{"@id":"https:\/\/tourismevalleedelagatineau.com\/en\/#website"},"primaryImageOfPage":{"@id":"https:\/\/tourismevalleedelagatineau.com\/en\/explore-the-region\/about\/#primaryimage"},"image":{"@id":"https:\/\/tourismevalleedelagatineau.com\/en\/explore-the-region\/about\/#primaryimage"},"thumbnailUrl":"https:\/\/tourismevalleedelagatineau.com\/wp-content\/uploads\/2023\/03\/image.png","datePublished":"2022-10-19T21:18:35+00:00","dateModified":"2023-01-06T19:48:43+00:00","breadcrumb":{"@id":"https:\/\/tourismevalleedelagatineau.com\/en\/explore-the-region\/about\/#breadcrumb"},"inLanguage":"en-CA","potentialAction":[{"@type":"ReadAction","target":["https:\/\/tourismevalleedelagatineau.com\/en\/explore-the-region\/about\/"]}]},{"@type":"ImageObject","inLanguage":"en-CA","@id":"https:\/\/tourismevalleedelagatineau.com\/en\/explore-the-region\/about\/#primaryimage","url":"https:\/\/tourismevalleedelagatineau.com\/wp-content\/uploads\/2023\/03\/image.png","contentUrl":"https:\/\/tourismevalleedelagatineau.com\/wp-content\/uploads\/2023\/03\/image.png","width":761,"height":390},{"@type":"BreadcrumbList","@id":"https:\/\/tourismevalleedelagatineau.com\/en\/explore-the-region\/about\/#breadcrumb","itemListElement":[{"@type":"ListItem","position":1,"name":"Accueil","item":"https:\/\/tourismevalleedelagatineau.com\/en\/"},{"@type":"ListItem","position":2,"name":"Explore the region","item":"https:\/\/tourismevalleedelagatineau.com\/en\/explore-the-region\/"},{"@type":"ListItem","position":3,"name":"About"}]},{"@type":"WebSite","@id":"https:\/\/tourismevalleedelagatineau.com\/en\/#website","url":"https:\/\/tourismevalleedelagatineau.com\/en\/","name":"Tourisme Vall\u00e9e-de-la-Gatineau","description":"","publisher":{"@id":"https:\/\/tourismevalleedelagatineau.com\/en\/#organization"},"potentialAction":[{"@type":"SearchAction","target":{"@type":"EntryPoint","urlTemplate":"https:\/\/tourismevalleedelagatineau.com\/en\/?s={search_term_string}"},"query-input":{"@type":"PropertyValueSpecification","valueRequired":true,"valueName":"search_term_string"}}],"inLanguage":"en-CA"},{"@type":"Organization","@id":"https:\/\/tourismevalleedelagatineau.com\/en\/#organization","name":"Tourisme Vall\u00e9e-de-la-Gatineau","url":"https:\/\/tourismevalleedelagatineau.com\/en\/","logo":{"@type":"ImageObject","inLanguage":"en-CA","@id":"https:\/\/tourismevalleedelagatineau.com\/en\/#\/schema\/logo\/image\/","url":"https:\/\/tourismevalleedelagatineau.com\/wp-content\/uploads\/2022\/11\/logo-header.png","contentUrl":"https:\/\/tourismevalleedelagatineau.com\/wp-content\/uploads\/2022\/11\/logo-header.png","width":197,"height":57,"caption":"Tourisme Vall\u00e9e-de-la-Gatineau"},"image":{"@id":"https:\/\/tourismevalleedelagatineau.com\/en\/#\/schema\/logo\/image\/"},"sameAs":["https:\/\/www.facebook.com\/LoisirsetcultureValleedelaGatineau","https:\/\/www.instagram.com\/mrc.vallee.de.la.gatineau\/"]}]}},"_links":{"self":[{"href":"https:\/\/tourismevalleedelagatineau.com\/en\/wp-json\/wp\/v2\/pages\/946","targetHints":{"allow":["GET"]}}],"collection":[{"href":"https:\/\/tourismevalleedelagatineau.com\/en\/wp-json\/wp\/v2\/pages"}],"about":[{"href":"https:\/\/tourismevalleedelagatineau.com\/en\/wp-json\/wp\/v2\/types\/page"}],"author":[{"embeddable":true,"href":"https:\/\/tourismevalleedelagatineau.com\/en\/wp-json\/wp\/v2\/users\/1"}],"replies":[{"embeddable":true,"href":"https:\/\/tourismevalleedelagatineau.com\/en\/wp-json\/wp\/v2\/comments?post=946"}],"version-history":[{"count":0,"href":"https:\/\/tourismevalleedelagatineau.com\/en\/wp-json\/wp\/v2\/pages\/946\/revisions"}],"up":[{"embeddable":true,"href":"https:\/\/tourismevalleedelagatineau.com\/en\/wp-json\/wp\/v2\/pages\/943"}],"wp:featuredmedia":[{"embeddable":true,"href":"https:\/\/tourismevalleedelagatineau.com\/en\/wp-json\/wp\/v2\/media\/4578"}],"wp:attachment":[{"href":"https:\/\/tourismevalleedelagatineau.com\/en\/wp-json\/wp\/v2\/media?parent=946"}],"curies":[{"name":"wp","href":"https:\/\/api.w.org\/{rel}","templated":true}]}}