{"id":3617,"date":"2023-02-15T14:17:28","date_gmt":"2023-02-15T19:17:28","guid":{"rendered":"https:\/\/tourismevalleedelagatineau.com\/explore-the-region\/nos-municipalites-villes\/low\/"},"modified":"2023-05-09T09:39:34","modified_gmt":"2023-05-09T13:39:34","slug":"low","status":"publish","type":"page","link":"https:\/\/tourismevalleedelagatineau.com\/en\/explore-the-region\/our-towns\/low\/","title":{"rendered":"Municipality of Low"},"content":{"rendered":"\n<div class=\"wp-block-cover alignfull is-style-title-banner\"><span aria-hidden=\"true\" class=\"wp-block-cover__background has-background-dim\"><\/span><img decoding=\"async\" width=\"960\" height=\"336\" class=\"wp-block-cover__image-background wp-image-3456 lazyload\" alt=\"Municipalit\u00e9 de Low\" data-src=\"https:\/\/tourismevalleedelagatineau.com\/wp-content\/uploads\/2023\/03\/Low-pont_couvert.jpg\" data-object-fit=\"cover\" data-srcset=\"https:\/\/tourismevalleedelagatineau.com\/wp-content\/uploads\/2023\/03\/Low-pont_couvert.jpg 960w, https:\/\/tourismevalleedelagatineau.com\/wp-content\/smush-webp\/2023\/03\/Low-pont_couvert-300x105.jpg.webp 300w, https:\/\/tourismevalleedelagatineau.com\/wp-content\/smush-webp\/2023\/03\/Low-pont_couvert-768x269.jpg.webp 768w\" data-sizes=\"(max-width: 960px) 100vw, 960px\" src=\"data:image\/svg+xml;base64,PHN2ZyB3aWR0aD0iMSIgaGVpZ2h0PSIxIiB4bWxucz0iaHR0cDovL3d3dy53My5vcmcvMjAwMC9zdmciPjwvc3ZnPg==\" style=\"--smush-placeholder-width: 960px; --smush-placeholder-aspect-ratio: 960\/336;\" \/><div class=\"wp-block-cover__inner-container\"><h3 class=\"wp-block-post-title\">Municipality of Low<\/h3><\/div><\/div>\n\n\n\n<div class=\"wp-block-group alignfull has-padding-y-large has-bleu-gris-bc-background-color has-background\"><div class=\"yoast-breadcrumbs alignwide \"><span class=\"breadcrumbs\"><a href=\"https:\/\/tourismevalleedelagatineau.com\/en\/\" class=\"breadcrumbs__element\">Accueil<\/a> <span class=\"breadcrumbs__separator\">\n        <svg class=\"icon icon-breadcrumb__separator\"><use xlink:href=\"#icon-breadcrumb__separator\"><\/use><\/svg>\n    <\/span> <a href=\"https:\/\/tourismevalleedelagatineau.com\/en\/explore-the-region\/\" class=\"breadcrumbs__element\">Explore the region<\/a> <span class=\"breadcrumbs__separator\">\n        <svg class=\"icon icon-breadcrumb__separator\"><use xlink:href=\"#icon-breadcrumb__separator\"><\/use><\/svg>\n    <\/span> <a href=\"https:\/\/tourismevalleedelagatineau.com\/en\/explore-the-region\/our-towns\/\" class=\"breadcrumbs__element\">Our towns<\/a> <span class=\"breadcrumbs__separator\">\n        <svg class=\"icon icon-breadcrumb__separator\"><use xlink:href=\"#icon-breadcrumb__separator\"><\/use><\/svg>\n    <\/span> <span class=\"breadcrumbs__element breadcrumbs__element-current\">Municipality of Low<\/span><\/span><\/div><\/div>\n\n\n\n<h1 class=\"wp-block-heading\">Municipality of Low<\/h1>\n\n\n\n\n<p class=\"act-lead wp-block-paragraph\">L\u2019harmonie, c\u2019est dans notre nature!<\/p>\n\n\n\n\n<p class=\"wp-block-paragraph\">Porte d&#8217;entr\u00e9e de la Vall\u00e9e-de-la-Gatineau<\/p>\n\n\n\n<div class=\"wp-block-group\">\n<div class=\"wp-block-columns\">\n<div class=\"wp-block-column\" style=\"flex-basis:100%\">\n<figure class=\"wp-block-table\"><table><tbody><tr><td>La municipalit\u00e9 de Low est la porte d&#8217;entr\u00e9e de la Vall\u00e9e-de-la-Gatineau et de ses magnifiques paysages, \u00e0 moins de 45 minutes de la r\u00e9gion de la capitale nationale d&#8217;Ottawa-Gatineau. Sa localisation g\u00e9ographique en fait un endroit de choix pour s\u2019y installer et vivre en harmonie avec la nature, proche des grands centres urbains. Le village de Low, noyau de la municipalit\u00e9, est situ\u00e9 tout pr\u00e8s du barrage Paugan, structure impressionnante pr\u00e9sentant des vues panoramiques exceptionnelles autant vers le nord que vers le sud sur la rivi\u00e8re Gatineau. La communaut\u00e9 de Low est en transition. Plusieurs de ses r\u00e9sidants effectuent quotidiennement le trajet vers la r\u00e9gion urbaine de Gatineau\/Ottawa pour se rendre au travail. Les co\u00fbts relativement faibles de l&#8217;immobilier, les infrastructures, la qualit\u00e9 de vie, la pr\u00e9sence de la rivi\u00e8re Gatineau ainsi que le caract\u00e8re agricole de la municipalit\u00e9 attirent de nouveaux r\u00e9sidants ainsi que de nombreux vill\u00e9giateurs. Les citoyennes et les citoyens de Low, connus pour leur esprit communautaire, accueillent \u00e0 chaque ann\u00e9e de nombreux visiteurs. La municipalit\u00e9 entend mettre \u00e0 profit cette croissance du tourisme sur son territoire. Ce secteur d&#8217;activit\u00e9 en d\u00e9veloppement participe dor\u00e9navant \u00e0 la consolidation de l&#8217;\u00e9conomie de la municipalit\u00e9.<\/td><\/tr><\/tbody><\/table><\/figure>\n<\/div>\n<\/div>\n<\/div>\n\n\n\n<h6 class=\"wp-block-heading\">4A Chemin d&#8217;amour, Low QC J0X 2C0<\/h6>\n\n\n\n<h6 class=\"wp-block-heading\">(819) 422-3528<\/h6>\n\n\n\n<p class=\"wp-block-paragraph\">Visitez le site web de la municipalit\u00e9 de Low au <a href=\"http:\/\/www.lowquebec.ca\/\" target=\"_blank\" rel=\"noreferrer noopener\">Municipalit\u00e9 de Low (lowquebec.ca)<\/a><\/p>\n\n\n\n<p class=\"wp-block-paragraph\">Rendez-vous sur la page Facebook de la municipalit\u00e9 de Low <a href=\"https:\/\/www.facebook.com\/profile.php?id=100068850954963\" target=\"_blank\" rel=\"noreferrer noopener\">(1) Municipality of Low \/ Municipalit\u00e9 de Low | Low QC | Facebook<\/a><\/p>\n\n\n\n<p class=\"wp-block-paragraph\">Attractions:  <\/p>\n\n\n\n<ul class=\"wp-block-list\">\n<li>Barrage Paugan<\/li>\n\n\n\n<li>Parc Siskin<\/li>\n\n\n\n<li>Premi\u00e8re \u00e9glise de la paroisse St-Martin<\/li>\n\n\n\n<li>V\u00e9loroute des Draveurs<\/li>\n<\/ul>\n\n\n\n<p class=\"wp-block-paragraph\">Superficie: 257,40&nbsp;km<sup>2<\/sup><\/p>\n\n\n\n<p class=\"wp-block-paragraph\">Population: 1032<\/p>\n\n\n\n<p class=\"wp-block-paragraph\">Ann\u00e9e de fondation: 1858<\/p>\n","protected":false},"excerpt":{"rendered":"<p>Municipality of Low Porte d&#8217;entr\u00e9e de la Vall\u00e9e-de-la-Gatineau La municipalit\u00e9 de Low est la porte d&#8217;entr\u00e9e de la Vall\u00e9e-de-la-Gatineau et de ses magnifiques paysages, \u00e0 moins de 45 minutes de la r\u00e9gion de la capitale nationale d&#8217;Ottawa-Gatineau. Sa localisation g\u00e9ographique en fait un endroit de choix pour s\u2019y installer et vivre en harmonie avec la nature, proche des grands centres urbains. Le village de Low, noyau de la municipalit\u00e9, est situ\u00e9 tout pr\u00e8s du barrage Paugan, structure impressionnante pr\u00e9sentant des vues panoramiques exceptionnelles autant vers le nord que vers le sud sur la rivi\u00e8re Gatineau. La communaut\u00e9 de Low est en [&hellip;]<\/p>\n","protected":false},"author":2,"featured_media":4578,"parent":954,"menu_order":0,"comment_status":"closed","ping_status":"closed","template":"","meta":{"_acf_changed":false,"_crdt_document":"","_eb_attr":"","inline_featured_image":false,"footnotes":""},"class_list":["post-3617","page","type-page","status-publish","has-post-thumbnail","hentry"],"acf":[],"yoast_head":"<!-- This site is optimized with the Yoast SEO plugin v27.3 - https:\/\/yoast.com\/product\/yoast-seo-wordpress\/ -->\n<title>Municipality of Low - Tourisme Vall\u00e9e-de-la-Gatineau<\/title>\n<meta name=\"robots\" content=\"index, follow, max-snippet:-1, max-image-preview:large, max-video-preview:-1\" \/>\n<link rel=\"canonical\" href=\"https:\/\/tourismevalleedelagatineau.com\/en\/explore-the-region\/our-towns\/low\/\" \/>\n<meta property=\"og:locale\" content=\"en_US\" \/>\n<meta property=\"og:type\" content=\"article\" \/>\n<meta property=\"og:title\" content=\"Municipality of Low - Tourisme Vall\u00e9e-de-la-Gatineau\" \/>\n<meta property=\"og:description\" content=\"Municipality of Low Porte d&#8217;entr\u00e9e de la Vall\u00e9e-de-la-Gatineau La municipalit\u00e9 de Low est la porte d&#8217;entr\u00e9e de la Vall\u00e9e-de-la-Gatineau et de ses magnifiques paysages, \u00e0 moins de 45 minutes de la r\u00e9gion de la capitale nationale d&#8217;Ottawa-Gatineau. Sa localisation g\u00e9ographique en fait un endroit de choix pour s\u2019y installer et vivre en harmonie avec la nature, proche des grands centres urbains. Le village de Low, noyau de la municipalit\u00e9, est situ\u00e9 tout pr\u00e8s du barrage Paugan, structure impressionnante pr\u00e9sentant des vues panoramiques exceptionnelles autant vers le nord que vers le sud sur la rivi\u00e8re Gatineau. La communaut\u00e9 de Low est en [&hellip;]\" \/>\n<meta property=\"og:url\" content=\"https:\/\/tourismevalleedelagatineau.com\/en\/explore-the-region\/our-towns\/low\/\" \/>\n<meta property=\"og:site_name\" content=\"Tourisme Vall\u00e9e-de-la-Gatineau\" \/>\n<meta property=\"article:publisher\" content=\"https:\/\/www.facebook.com\/LoisirsetcultureValleedelaGatineau\" \/>\n<meta property=\"article:modified_time\" content=\"2023-05-09T13:39:34+00:00\" \/>\n<meta property=\"og:image\" content=\"https:\/\/tourismevalleedelagatineau.com\/wp-content\/uploads\/2023\/03\/image.png\" \/>\n\t<meta property=\"og:image:width\" content=\"761\" \/>\n\t<meta property=\"og:image:height\" content=\"390\" \/>\n\t<meta property=\"og:image:type\" content=\"image\/png\" \/>\n<meta name=\"twitter:card\" content=\"summary_large_image\" \/>\n<meta name=\"twitter:label1\" content=\"Est. reading time\" \/>\n\t<meta name=\"twitter:data1\" content=\"2 minutes\" \/>\n<script type=\"application\/ld+json\" class=\"yoast-schema-graph\">{\n\t    \"@context\": \"https:\\\/\\\/schema.org\",\n\t    \"@graph\": [\n\t        {\n\t            \"@type\": \"WebPage\",\n\t            \"@id\": \"https:\\\/\\\/tourismevalleedelagatineau.com\\\/en\\\/explore-the-region\\\/our-towns\\\/low\\\/\",\n\t            \"url\": \"https:\\\/\\\/tourismevalleedelagatineau.com\\\/en\\\/explore-the-region\\\/our-towns\\\/low\\\/\",\n\t            \"name\": \"Municipality of Low - Tourisme Vall\u00e9e-de-la-Gatineau\",\n\t            \"isPartOf\": {\n\t                \"@id\": \"https:\\\/\\\/tourismevalleedelagatineau.com\\\/en\\\/#website\"\n\t            },\n\t            \"primaryImageOfPage\": {\n\t                \"@id\": \"https:\\\/\\\/tourismevalleedelagatineau.com\\\/en\\\/explore-the-region\\\/our-towns\\\/low\\\/#primaryimage\"\n\t            },\n\t            \"image\": {\n\t                \"@id\": \"https:\\\/\\\/tourismevalleedelagatineau.com\\\/en\\\/explore-the-region\\\/our-towns\\\/low\\\/#primaryimage\"\n\t            },\n\t            \"thumbnailUrl\": \"https:\\\/\\\/tourismevalleedelagatineau.com\\\/wp-content\\\/uploads\\\/2023\\\/03\\\/image.png\",\n\t            \"datePublished\": \"2023-02-15T19:17:28+00:00\",\n\t            \"dateModified\": \"2023-05-09T13:39:34+00:00\",\n\t            \"breadcrumb\": {\n\t                \"@id\": \"https:\\\/\\\/tourismevalleedelagatineau.com\\\/en\\\/explore-the-region\\\/our-towns\\\/low\\\/#breadcrumb\"\n\t            },\n\t            \"inLanguage\": \"en-CA\",\n\t            \"potentialAction\": [\n\t                {\n\t                    \"@type\": \"ReadAction\",\n\t                    \"target\": [\n\t                        \"https:\\\/\\\/tourismevalleedelagatineau.com\\\/en\\\/explore-the-region\\\/our-towns\\\/low\\\/\"\n\t                    ]\n\t                }\n\t            ]\n\t        },\n\t        {\n\t            \"@type\": \"ImageObject\",\n\t            \"inLanguage\": \"en-CA\",\n\t            \"@id\": \"https:\\\/\\\/tourismevalleedelagatineau.com\\\/en\\\/explore-the-region\\\/our-towns\\\/low\\\/#primaryimage\",\n\t            \"url\": \"https:\\\/\\\/tourismevalleedelagatineau.com\\\/wp-content\\\/uploads\\\/2023\\\/03\\\/image.png\",\n\t            \"contentUrl\": \"https:\\\/\\\/tourismevalleedelagatineau.com\\\/wp-content\\\/uploads\\\/2023\\\/03\\\/image.png\",\n\t            \"width\": 761,\n\t            \"height\": 390\n\t        },\n\t        {\n\t            \"@type\": \"BreadcrumbList\",\n\t            \"@id\": \"https:\\\/\\\/tourismevalleedelagatineau.com\\\/en\\\/explore-the-region\\\/our-towns\\\/low\\\/#breadcrumb\",\n\t            \"itemListElement\": [\n\t                {\n\t                    \"@type\": \"ListItem\",\n\t                    \"position\": 1,\n\t                    \"name\": \"Accueil\",\n\t                    \"item\": \"https:\\\/\\\/tourismevalleedelagatineau.com\\\/en\\\/\"\n\t                },\n\t                {\n\t                    \"@type\": \"ListItem\",\n\t                    \"position\": 2,\n\t                    \"name\": \"Explore the region\",\n\t                    \"item\": \"https:\\\/\\\/tourismevalleedelagatineau.com\\\/en\\\/explore-the-region\\\/\"\n\t                },\n\t                {\n\t                    \"@type\": \"ListItem\",\n\t                    \"position\": 3,\n\t                    \"name\": \"Our towns\",\n\t                    \"item\": \"https:\\\/\\\/tourismevalleedelagatineau.com\\\/en\\\/explore-the-region\\\/our-towns\\\/\"\n\t                },\n\t                {\n\t                    \"@type\": \"ListItem\",\n\t                    \"position\": 4,\n\t                    \"name\": \"Municipality of Low\"\n\t                }\n\t            ]\n\t        },\n\t        {\n\t            \"@type\": \"WebSite\",\n\t            \"@id\": \"https:\\\/\\\/tourismevalleedelagatineau.com\\\/en\\\/#website\",\n\t            \"url\": \"https:\\\/\\\/tourismevalleedelagatineau.com\\\/en\\\/\",\n\t            \"name\": \"Tourisme Vall\u00e9e-de-la-Gatineau\",\n\t            \"description\": \"\",\n\t            \"publisher\": {\n\t                \"@id\": \"https:\\\/\\\/tourismevalleedelagatineau.com\\\/en\\\/#organization\"\n\t            },\n\t            \"potentialAction\": [\n\t                {\n\t                    \"@type\": \"SearchAction\",\n\t                    \"target\": {\n\t                        \"@type\": \"EntryPoint\",\n\t                        \"urlTemplate\": \"https:\\\/\\\/tourismevalleedelagatineau.com\\\/en\\\/?s={search_term_string}\"\n\t                    },\n\t                    \"query-input\": {\n\t                        \"@type\": \"PropertyValueSpecification\",\n\t                        \"valueRequired\": true,\n\t                        \"valueName\": \"search_term_string\"\n\t                    }\n\t                }\n\t            ],\n\t            \"inLanguage\": \"en-CA\"\n\t        },\n\t        {\n\t            \"@type\": \"Organization\",\n\t            \"@id\": \"https:\\\/\\\/tourismevalleedelagatineau.com\\\/en\\\/#organization\",\n\t            \"name\": \"Tourisme Vall\u00e9e-de-la-Gatineau\",\n\t            \"url\": \"https:\\\/\\\/tourismevalleedelagatineau.com\\\/en\\\/\",\n\t            \"logo\": {\n\t                \"@type\": \"ImageObject\",\n\t                \"inLanguage\": \"en-CA\",\n\t                \"@id\": \"https:\\\/\\\/tourismevalleedelagatineau.com\\\/en\\\/#\\\/schema\\\/logo\\\/image\\\/\",\n\t                \"url\": \"https:\\\/\\\/tourismevalleedelagatineau.com\\\/wp-content\\\/uploads\\\/2022\\\/11\\\/logo-header.png\",\n\t                \"contentUrl\": \"https:\\\/\\\/tourismevalleedelagatineau.com\\\/wp-content\\\/uploads\\\/2022\\\/11\\\/logo-header.png\",\n\t                \"width\": 197,\n\t                \"height\": 57,\n\t                \"caption\": \"Tourisme Vall\u00e9e-de-la-Gatineau\"\n\t            },\n\t            \"image\": {\n\t                \"@id\": \"https:\\\/\\\/tourismevalleedelagatineau.com\\\/en\\\/#\\\/schema\\\/logo\\\/image\\\/\"\n\t            },\n\t            \"sameAs\": [\n\t                \"https:\\\/\\\/www.facebook.com\\\/LoisirsetcultureValleedelaGatineau\",\n\t                \"https:\\\/\\\/www.instagram.com\\\/mrc.vallee.de.la.gatineau\\\/\"\n\t            ]\n\t        }\n\t    ]\n\t}<\/script>\n<!-- \/ Yoast SEO plugin. -->","yoast_head_json":{"title":"Municipality of Low - Tourisme Vall\u00e9e-de-la-Gatineau","robots":{"index":"index","follow":"follow","max-snippet":"max-snippet:-1","max-image-preview":"max-image-preview:large","max-video-preview":"max-video-preview:-1"},"canonical":"https:\/\/tourismevalleedelagatineau.com\/en\/explore-the-region\/our-towns\/low\/","og_locale":"en_US","og_type":"article","og_title":"Municipality of Low - Tourisme Vall\u00e9e-de-la-Gatineau","og_description":"Municipality of Low Porte d&#8217;entr\u00e9e de la Vall\u00e9e-de-la-Gatineau La municipalit\u00e9 de Low est la porte d&#8217;entr\u00e9e de la Vall\u00e9e-de-la-Gatineau et de ses magnifiques paysages, \u00e0 moins de 45 minutes de la r\u00e9gion de la capitale nationale d&#8217;Ottawa-Gatineau. Sa localisation g\u00e9ographique en fait un endroit de choix pour s\u2019y installer et vivre en harmonie avec la nature, proche des grands centres urbains. Le village de Low, noyau de la municipalit\u00e9, est situ\u00e9 tout pr\u00e8s du barrage Paugan, structure impressionnante pr\u00e9sentant des vues panoramiques exceptionnelles autant vers le nord que vers le sud sur la rivi\u00e8re Gatineau. La communaut\u00e9 de Low est en [&hellip;]","og_url":"https:\/\/tourismevalleedelagatineau.com\/en\/explore-the-region\/our-towns\/low\/","og_site_name":"Tourisme Vall\u00e9e-de-la-Gatineau","article_publisher":"https:\/\/www.facebook.com\/LoisirsetcultureValleedelaGatineau","article_modified_time":"2023-05-09T13:39:34+00:00","og_image":[{"width":761,"height":390,"url":"https:\/\/tourismevalleedelagatineau.com\/wp-content\/uploads\/2023\/03\/image.png","type":"image\/png"}],"twitter_card":"summary_large_image","twitter_misc":{"Est. reading time":"2 minutes"},"schema":{"@context":"https:\/\/schema.org","@graph":[{"@type":"WebPage","@id":"https:\/\/tourismevalleedelagatineau.com\/en\/explore-the-region\/our-towns\/low\/","url":"https:\/\/tourismevalleedelagatineau.com\/en\/explore-the-region\/our-towns\/low\/","name":"Municipality of Low - Tourisme Vall\u00e9e-de-la-Gatineau","isPartOf":{"@id":"https:\/\/tourismevalleedelagatineau.com\/en\/#website"},"primaryImageOfPage":{"@id":"https:\/\/tourismevalleedelagatineau.com\/en\/explore-the-region\/our-towns\/low\/#primaryimage"},"image":{"@id":"https:\/\/tourismevalleedelagatineau.com\/en\/explore-the-region\/our-towns\/low\/#primaryimage"},"thumbnailUrl":"https:\/\/tourismevalleedelagatineau.com\/wp-content\/uploads\/2023\/03\/image.png","datePublished":"2023-02-15T19:17:28+00:00","dateModified":"2023-05-09T13:39:34+00:00","breadcrumb":{"@id":"https:\/\/tourismevalleedelagatineau.com\/en\/explore-the-region\/our-towns\/low\/#breadcrumb"},"inLanguage":"en-CA","potentialAction":[{"@type":"ReadAction","target":["https:\/\/tourismevalleedelagatineau.com\/en\/explore-the-region\/our-towns\/low\/"]}]},{"@type":"ImageObject","inLanguage":"en-CA","@id":"https:\/\/tourismevalleedelagatineau.com\/en\/explore-the-region\/our-towns\/low\/#primaryimage","url":"https:\/\/tourismevalleedelagatineau.com\/wp-content\/uploads\/2023\/03\/image.png","contentUrl":"https:\/\/tourismevalleedelagatineau.com\/wp-content\/uploads\/2023\/03\/image.png","width":761,"height":390},{"@type":"BreadcrumbList","@id":"https:\/\/tourismevalleedelagatineau.com\/en\/explore-the-region\/our-towns\/low\/#breadcrumb","itemListElement":[{"@type":"ListItem","position":1,"name":"Accueil","item":"https:\/\/tourismevalleedelagatineau.com\/en\/"},{"@type":"ListItem","position":2,"name":"Explore the region","item":"https:\/\/tourismevalleedelagatineau.com\/en\/explore-the-region\/"},{"@type":"ListItem","position":3,"name":"Our towns","item":"https:\/\/tourismevalleedelagatineau.com\/en\/explore-the-region\/our-towns\/"},{"@type":"ListItem","position":4,"name":"Municipality of Low"}]},{"@type":"WebSite","@id":"https:\/\/tourismevalleedelagatineau.com\/en\/#website","url":"https:\/\/tourismevalleedelagatineau.com\/en\/","name":"Tourisme Vall\u00e9e-de-la-Gatineau","description":"","publisher":{"@id":"https:\/\/tourismevalleedelagatineau.com\/en\/#organization"},"potentialAction":[{"@type":"SearchAction","target":{"@type":"EntryPoint","urlTemplate":"https:\/\/tourismevalleedelagatineau.com\/en\/?s={search_term_string}"},"query-input":{"@type":"PropertyValueSpecification","valueRequired":true,"valueName":"search_term_string"}}],"inLanguage":"en-CA"},{"@type":"Organization","@id":"https:\/\/tourismevalleedelagatineau.com\/en\/#organization","name":"Tourisme Vall\u00e9e-de-la-Gatineau","url":"https:\/\/tourismevalleedelagatineau.com\/en\/","logo":{"@type":"ImageObject","inLanguage":"en-CA","@id":"https:\/\/tourismevalleedelagatineau.com\/en\/#\/schema\/logo\/image\/","url":"https:\/\/tourismevalleedelagatineau.com\/wp-content\/uploads\/2022\/11\/logo-header.png","contentUrl":"https:\/\/tourismevalleedelagatineau.com\/wp-content\/uploads\/2022\/11\/logo-header.png","width":197,"height":57,"caption":"Tourisme Vall\u00e9e-de-la-Gatineau"},"image":{"@id":"https:\/\/tourismevalleedelagatineau.com\/en\/#\/schema\/logo\/image\/"},"sameAs":["https:\/\/www.facebook.com\/LoisirsetcultureValleedelaGatineau","https:\/\/www.instagram.com\/mrc.vallee.de.la.gatineau\/"]}]}},"_links":{"self":[{"href":"https:\/\/tourismevalleedelagatineau.com\/en\/wp-json\/wp\/v2\/pages\/3617","targetHints":{"allow":["GET"]}}],"collection":[{"href":"https:\/\/tourismevalleedelagatineau.com\/en\/wp-json\/wp\/v2\/pages"}],"about":[{"href":"https:\/\/tourismevalleedelagatineau.com\/en\/wp-json\/wp\/v2\/types\/page"}],"author":[{"embeddable":true,"href":"https:\/\/tourismevalleedelagatineau.com\/en\/wp-json\/wp\/v2\/users\/2"}],"replies":[{"embeddable":true,"href":"https:\/\/tourismevalleedelagatineau.com\/en\/wp-json\/wp\/v2\/comments?post=3617"}],"version-history":[{"count":0,"href":"https:\/\/tourismevalleedelagatineau.com\/en\/wp-json\/wp\/v2\/pages\/3617\/revisions"}],"up":[{"embeddable":true,"href":"https:\/\/tourismevalleedelagatineau.com\/en\/wp-json\/wp\/v2\/pages\/954"}],"wp:featuredmedia":[{"embeddable":true,"href":"https:\/\/tourismevalleedelagatineau.com\/en\/wp-json\/wp\/v2\/media\/4578"}],"wp:attachment":[{"href":"https:\/\/tourismevalleedelagatineau.com\/en\/wp-json\/wp\/v2\/media?parent=3617"}],"curies":[{"name":"wp","href":"https:\/\/api.w.org\/{rel}","templated":true}]}}