{"id":3616,"date":"2023-02-15T14:16:13","date_gmt":"2023-02-15T19:16:13","guid":{"rendered":"https:\/\/tourismevalleedelagatineau.com\/explore-the-region\/nos-municipalites-villes\/denholm\/"},"modified":"2023-05-09T09:39:23","modified_gmt":"2023-05-09T13:39:23","slug":"denholm","status":"publish","type":"page","link":"https:\/\/tourismevalleedelagatineau.com\/en\/explore-the-region\/our-towns\/denholm\/","title":{"rendered":"Muncipality of Denholm"},"content":{"rendered":"\n<div class=\"wp-block-cover alignfull is-style-title-banner\"><span aria-hidden=\"true\" class=\"wp-block-cover__background has-background-dim\"><\/span><img decoding=\"async\" width=\"1280\" height=\"720\" class=\"wp-block-cover__image-background wp-image-3534 lazyload\" alt=\"Municipalit\u00e9 de Denholm \" data-src=\"https:\/\/tourismevalleedelagatineau.com\/wp-content\/smush-webp\/2023\/03\/Denholm-parc_des_chutes-2.jpg.webp\" style=\"--smush-placeholder-width: 1280px; --smush-placeholder-aspect-ratio: 1280\/720;object-position:54% 100%\" data-object-fit=\"cover\" data-object-position=\"54% 100%\" data-srcset=\"https:\/\/tourismevalleedelagatineau.com\/wp-content\/smush-webp\/2023\/03\/Denholm-parc_des_chutes-2.jpg.webp 1280w, https:\/\/tourismevalleedelagatineau.com\/wp-content\/smush-webp\/2023\/03\/Denholm-parc_des_chutes-2-300x169.jpg.webp 300w, https:\/\/tourismevalleedelagatineau.com\/wp-content\/smush-webp\/2023\/03\/Denholm-parc_des_chutes-2-1024x576.jpg.webp 1024w, https:\/\/tourismevalleedelagatineau.com\/wp-content\/smush-webp\/2023\/03\/Denholm-parc_des_chutes-2-768x432.jpg.webp 768w\" data-sizes=\"(max-width: 1280px) 100vw, 1280px\" src=\"data:image\/svg+xml;base64,PHN2ZyB3aWR0aD0iMSIgaGVpZ2h0PSIxIiB4bWxucz0iaHR0cDovL3d3dy53My5vcmcvMjAwMC9zdmciPjwvc3ZnPg==\" \/><div class=\"wp-block-cover__inner-container\"><h3 class=\"wp-block-post-title\">Muncipality of Denholm<\/h3><\/div><\/div>\n\n\n\n<div class=\"wp-block-group alignfull has-padding-y-large has-bleu-gris-bc-background-color has-background\"><div class=\"yoast-breadcrumbs alignwide \"><span class=\"breadcrumbs\"><a href=\"https:\/\/tourismevalleedelagatineau.com\/en\/\" class=\"breadcrumbs__element\">Accueil<\/a> <span class=\"breadcrumbs__separator\">\n        <svg class=\"icon icon-breadcrumb__separator\"><use xlink:href=\"#icon-breadcrumb__separator\"><\/use><\/svg>\n    <\/span> <a href=\"https:\/\/tourismevalleedelagatineau.com\/en\/explore-the-region\/\" class=\"breadcrumbs__element\">Explore the region<\/a> <span class=\"breadcrumbs__separator\">\n        <svg class=\"icon icon-breadcrumb__separator\"><use xlink:href=\"#icon-breadcrumb__separator\"><\/use><\/svg>\n    <\/span> <a href=\"https:\/\/tourismevalleedelagatineau.com\/en\/explore-the-region\/our-towns\/\" class=\"breadcrumbs__element\">Our towns<\/a> <span class=\"breadcrumbs__separator\">\n        <svg class=\"icon icon-breadcrumb__separator\"><use xlink:href=\"#icon-breadcrumb__separator\"><\/use><\/svg>\n    <\/span> <span class=\"breadcrumbs__element breadcrumbs__element-current\">Muncipality of Denholm<\/span><\/span><\/div><\/div>\n\n\n\n<h1 class=\"wp-block-heading\">Denholm<\/h1>\n\n\n\n\n<p class=\"act-lead is-style-category-pill wp-block-paragraph\">Parfait pour les amants de la nature!<\/p>\n\n\n\n\n<p class=\"wp-block-paragraph\">La municipalit\u00e9 de Denholm est situ\u00e9e au sud-est du territoire de la MRC vall\u00e9e de la Gatineau. On peut associer l&#8217;origine du d\u00e9veloppement de Denholm, entre 1851 et 1861, \u00e0 la pr\u00e9sence de mines d&#8217;amiante, de serpentine et de calcite. Le chemin Paugan m\u00e8ne au barrage de la Centrale Hydro-\u00e9lectrique qui a \u00e9t\u00e9 b\u00e2ti de 1926 \u00e0 1928.La municipalit\u00e9 de Denholm compte plus de 50 lacs et son c\u00f4t\u00e9 ouest longe la rivi\u00e8re Gatineau sur une distance approximative de 15 km. La municipalit\u00e9 est sensible \u00e0 la qualit\u00e9 de ses lacs, ruisseaux et rivi\u00e8res. Elle est un havre de paix, paradis de chasse et p\u00eache, id\u00e9al pour les randonn\u00e9es d&#8217;hiver et d&#8217;\u00e9t\u00e9. Parfait pour les amants de la nature. Denholm<a href=\"http:\/\/aumond.ca\/a_propos\/a_propos_de_la_municipalite_d_aumond.php\"> <\/a>est situ\u00e9 \u00e0 40 km au nord de la Ville de Gatineau. Sa limite ouest est en territoire algonquin entre Tenagaten (la rivi\u00e8re qui monte tout le temps et qui va loin, maintenant la rivi\u00e8re Gatineau) et \u00e0 l&#8217;est par la Wabozsipi (wabox veut dire li\u00e8vre et sipi. rivi\u00e8re, maintenant connue sous le nom de la rivi\u00e8re La Li\u00e8vre). Sur le versant gauche du bassin du Saint-Laurent, \u00e0 environ 70 km au sud-sud-est de Maniwaki. Municipalit\u00e9 r\u00e9gionale de comt\u00e9 de La Vall\u00e9e-de-la-Gatineau. R\u00e9gion touristique de l&#8217;Outaouais (sous-r\u00e9gion du Pontiac-et-Vall\u00e9e-de-la-Gatineau).<\/p>\n\n\n\n<h6 class=\"wp-block-heading\">419, chemin Poisson-Blanc<br>Denholm (Qu\u00e9bec)&nbsp; J8N 9C8<\/h6>\n\n\n\n<h6 class=\"wp-block-heading\">819-457-2992<\/h6>\n\n\n\n<p class=\"wp-block-paragraph\">Visitez le site web de la municipalit\u00e9 de Denholm au <a href=\"http:\/\/www.denholm.ca\/index.php\/fr\/\" target=\"_blank\" rel=\"noreferrer noopener\">http:\/\/www.denholm.ca\/index.php\/fr\/<\/a><\/p>\n\n\n\n<p class=\"wp-block-paragraph\">Rendez-vous sur la page Facebook de la municipalit\u00e9 de Denholm <a href=\"https:\/\/www.facebook.com\/denholm.ca\" target=\"_blank\" rel=\"noreferrer noopener\">(1) Municipalit\u00e9 de Denholm | Hawick | Facebook<\/a><\/p>\n\n\n\n<p class=\"wp-block-paragraph\">Attractions: <\/p>\n\n\n\n<ul class=\"wp-block-list\">\n<li>Parc des chutes<\/li>\n<\/ul>\n\n\n\n<p class=\"wp-block-paragraph\">Superficie: 191,65 km<sup> 2<\/sup><\/p>\n\n\n\n<p class=\"wp-block-paragraph\">Population: 505<\/p>\n\n\n\n<p class=\"wp-block-paragraph\">Ann\u00e9e de fondation: 1924<\/p>\n\n\n\n<p class=\"wp-block-paragraph\"><\/p>\n","protected":false},"excerpt":{"rendered":"<p>Denholm La municipalit\u00e9 de Denholm est situ\u00e9e au sud-est du territoire de la MRC vall\u00e9e de la Gatineau. On peut associer l&#8217;origine du d\u00e9veloppement de Denholm, entre 1851 et 1861, \u00e0 la pr\u00e9sence de mines d&#8217;amiante, de serpentine et de calcite. Le chemin Paugan m\u00e8ne au barrage de la Centrale Hydro-\u00e9lectrique qui a \u00e9t\u00e9 b\u00e2ti de 1926 \u00e0 1928.La municipalit\u00e9 de Denholm compte plus de 50 lacs et son c\u00f4t\u00e9 ouest longe la rivi\u00e8re Gatineau sur une distance approximative de 15 km. La municipalit\u00e9 est sensible \u00e0 la qualit\u00e9 de ses lacs, ruisseaux et rivi\u00e8res. Elle est un havre de paix, [&hellip;]<\/p>\n","protected":false},"author":2,"featured_media":4578,"parent":954,"menu_order":0,"comment_status":"closed","ping_status":"closed","template":"","meta":{"_acf_changed":false,"_crdt_document":"","_eb_attr":"","inline_featured_image":false,"footnotes":""},"class_list":["post-3616","page","type-page","status-publish","has-post-thumbnail","hentry"],"acf":[],"yoast_head":"<!-- This site is optimized with the Yoast SEO plugin v27.4 - https:\/\/yoast.com\/product\/yoast-seo-wordpress\/ -->\n<title>Muncipality of Denholm - Tourisme Vall\u00e9e-de-la-Gatineau<\/title>\n<meta name=\"robots\" content=\"index, follow, max-snippet:-1, max-image-preview:large, max-video-preview:-1\" \/>\n<link rel=\"canonical\" href=\"https:\/\/tourismevalleedelagatineau.com\/en\/explore-the-region\/our-towns\/denholm\/\" \/>\n<meta property=\"og:locale\" content=\"en_US\" \/>\n<meta property=\"og:type\" content=\"article\" \/>\n<meta property=\"og:title\" content=\"Muncipality of Denholm - Tourisme Vall\u00e9e-de-la-Gatineau\" \/>\n<meta property=\"og:description\" content=\"Denholm La municipalit\u00e9 de Denholm est situ\u00e9e au sud-est du territoire de la MRC vall\u00e9e de la Gatineau. On peut associer l&#8217;origine du d\u00e9veloppement de Denholm, entre 1851 et 1861, \u00e0 la pr\u00e9sence de mines d&#8217;amiante, de serpentine et de calcite. Le chemin Paugan m\u00e8ne au barrage de la Centrale Hydro-\u00e9lectrique qui a \u00e9t\u00e9 b\u00e2ti de 1926 \u00e0 1928.La municipalit\u00e9 de Denholm compte plus de 50 lacs et son c\u00f4t\u00e9 ouest longe la rivi\u00e8re Gatineau sur une distance approximative de 15 km. La municipalit\u00e9 est sensible \u00e0 la qualit\u00e9 de ses lacs, ruisseaux et rivi\u00e8res. Elle est un havre de paix, [&hellip;]\" \/>\n<meta property=\"og:url\" content=\"https:\/\/tourismevalleedelagatineau.com\/en\/explore-the-region\/our-towns\/denholm\/\" \/>\n<meta property=\"og:site_name\" content=\"Tourisme Vall\u00e9e-de-la-Gatineau\" \/>\n<meta property=\"article:publisher\" content=\"https:\/\/www.facebook.com\/LoisirsetcultureValleedelaGatineau\" \/>\n<meta property=\"article:modified_time\" content=\"2023-05-09T13:39:23+00:00\" \/>\n<meta property=\"og:image\" content=\"https:\/\/tourismevalleedelagatineau.com\/wp-content\/uploads\/2023\/03\/image.png\" \/>\n\t<meta property=\"og:image:width\" content=\"761\" \/>\n\t<meta property=\"og:image:height\" content=\"390\" \/>\n\t<meta property=\"og:image:type\" content=\"image\/png\" \/>\n<meta name=\"twitter:card\" content=\"summary_large_image\" \/>\n<meta name=\"twitter:label1\" content=\"Est. reading time\" \/>\n\t<meta name=\"twitter:data1\" content=\"2 minutes\" \/>\n<script type=\"application\/ld+json\" class=\"yoast-schema-graph\">{\n\t    \"@context\": \"https:\\\/\\\/schema.org\",\n\t    \"@graph\": [\n\t        {\n\t            \"@type\": \"WebPage\",\n\t            \"@id\": \"https:\\\/\\\/tourismevalleedelagatineau.com\\\/en\\\/explore-the-region\\\/our-towns\\\/denholm\\\/\",\n\t            \"url\": \"https:\\\/\\\/tourismevalleedelagatineau.com\\\/en\\\/explore-the-region\\\/our-towns\\\/denholm\\\/\",\n\t            \"name\": \"Muncipality of Denholm - Tourisme Vall\u00e9e-de-la-Gatineau\",\n\t            \"isPartOf\": {\n\t                \"@id\": \"https:\\\/\\\/tourismevalleedelagatineau.com\\\/en\\\/#website\"\n\t            },\n\t            \"primaryImageOfPage\": {\n\t                \"@id\": \"https:\\\/\\\/tourismevalleedelagatineau.com\\\/en\\\/explore-the-region\\\/our-towns\\\/denholm\\\/#primaryimage\"\n\t            },\n\t            \"image\": {\n\t                \"@id\": \"https:\\\/\\\/tourismevalleedelagatineau.com\\\/en\\\/explore-the-region\\\/our-towns\\\/denholm\\\/#primaryimage\"\n\t            },\n\t            \"thumbnailUrl\": \"https:\\\/\\\/tourismevalleedelagatineau.com\\\/wp-content\\\/uploads\\\/2023\\\/03\\\/image.png\",\n\t            \"datePublished\": \"2023-02-15T19:16:13+00:00\",\n\t            \"dateModified\": \"2023-05-09T13:39:23+00:00\",\n\t            \"breadcrumb\": {\n\t                \"@id\": \"https:\\\/\\\/tourismevalleedelagatineau.com\\\/en\\\/explore-the-region\\\/our-towns\\\/denholm\\\/#breadcrumb\"\n\t            },\n\t            \"inLanguage\": \"en-CA\",\n\t            \"potentialAction\": [\n\t                {\n\t                    \"@type\": \"ReadAction\",\n\t                    \"target\": [\n\t                        \"https:\\\/\\\/tourismevalleedelagatineau.com\\\/en\\\/explore-the-region\\\/our-towns\\\/denholm\\\/\"\n\t                    ]\n\t                }\n\t            ]\n\t        },\n\t        {\n\t            \"@type\": \"ImageObject\",\n\t            \"inLanguage\": \"en-CA\",\n\t            \"@id\": \"https:\\\/\\\/tourismevalleedelagatineau.com\\\/en\\\/explore-the-region\\\/our-towns\\\/denholm\\\/#primaryimage\",\n\t            \"url\": \"https:\\\/\\\/tourismevalleedelagatineau.com\\\/wp-content\\\/uploads\\\/2023\\\/03\\\/image.png\",\n\t            \"contentUrl\": \"https:\\\/\\\/tourismevalleedelagatineau.com\\\/wp-content\\\/uploads\\\/2023\\\/03\\\/image.png\",\n\t            \"width\": 761,\n\t            \"height\": 390\n\t        },\n\t        {\n\t            \"@type\": \"BreadcrumbList\",\n\t            \"@id\": \"https:\\\/\\\/tourismevalleedelagatineau.com\\\/en\\\/explore-the-region\\\/our-towns\\\/denholm\\\/#breadcrumb\",\n\t            \"itemListElement\": [\n\t                {\n\t                    \"@type\": \"ListItem\",\n\t                    \"position\": 1,\n\t                    \"name\": \"Accueil\",\n\t                    \"item\": \"https:\\\/\\\/tourismevalleedelagatineau.com\\\/en\\\/\"\n\t                },\n\t                {\n\t                    \"@type\": \"ListItem\",\n\t                    \"position\": 2,\n\t                    \"name\": \"Explore the region\",\n\t                    \"item\": \"https:\\\/\\\/tourismevalleedelagatineau.com\\\/en\\\/explore-the-region\\\/\"\n\t                },\n\t                {\n\t                    \"@type\": \"ListItem\",\n\t                    \"position\": 3,\n\t                    \"name\": \"Our towns\",\n\t                    \"item\": \"https:\\\/\\\/tourismevalleedelagatineau.com\\\/en\\\/explore-the-region\\\/our-towns\\\/\"\n\t                },\n\t                {\n\t                    \"@type\": \"ListItem\",\n\t                    \"position\": 4,\n\t                    \"name\": \"Muncipality of Denholm\"\n\t                }\n\t            ]\n\t        },\n\t        {\n\t            \"@type\": \"WebSite\",\n\t            \"@id\": \"https:\\\/\\\/tourismevalleedelagatineau.com\\\/en\\\/#website\",\n\t            \"url\": \"https:\\\/\\\/tourismevalleedelagatineau.com\\\/en\\\/\",\n\t            \"name\": \"Tourisme Vall\u00e9e-de-la-Gatineau\",\n\t            \"description\": \"\",\n\t            \"publisher\": {\n\t                \"@id\": \"https:\\\/\\\/tourismevalleedelagatineau.com\\\/en\\\/#organization\"\n\t            },\n\t            \"potentialAction\": [\n\t                {\n\t                    \"@type\": \"SearchAction\",\n\t                    \"target\": {\n\t                        \"@type\": \"EntryPoint\",\n\t                        \"urlTemplate\": \"https:\\\/\\\/tourismevalleedelagatineau.com\\\/en\\\/?s={search_term_string}\"\n\t                    },\n\t                    \"query-input\": {\n\t                        \"@type\": \"PropertyValueSpecification\",\n\t                        \"valueRequired\": true,\n\t                        \"valueName\": \"search_term_string\"\n\t                    }\n\t                }\n\t            ],\n\t            \"inLanguage\": \"en-CA\"\n\t        },\n\t        {\n\t            \"@type\": \"Organization\",\n\t            \"@id\": \"https:\\\/\\\/tourismevalleedelagatineau.com\\\/en\\\/#organization\",\n\t            \"name\": \"Tourisme Vall\u00e9e-de-la-Gatineau\",\n\t            \"url\": \"https:\\\/\\\/tourismevalleedelagatineau.com\\\/en\\\/\",\n\t            \"logo\": {\n\t                \"@type\": \"ImageObject\",\n\t                \"inLanguage\": \"en-CA\",\n\t                \"@id\": \"https:\\\/\\\/tourismevalleedelagatineau.com\\\/en\\\/#\\\/schema\\\/logo\\\/image\\\/\",\n\t                \"url\": \"https:\\\/\\\/tourismevalleedelagatineau.com\\\/wp-content\\\/uploads\\\/2022\\\/11\\\/logo-header.png\",\n\t                \"contentUrl\": \"https:\\\/\\\/tourismevalleedelagatineau.com\\\/wp-content\\\/uploads\\\/2022\\\/11\\\/logo-header.png\",\n\t                \"width\": 197,\n\t                \"height\": 57,\n\t                \"caption\": \"Tourisme Vall\u00e9e-de-la-Gatineau\"\n\t            },\n\t            \"image\": {\n\t                \"@id\": \"https:\\\/\\\/tourismevalleedelagatineau.com\\\/en\\\/#\\\/schema\\\/logo\\\/image\\\/\"\n\t            },\n\t            \"sameAs\": [\n\t                \"https:\\\/\\\/www.facebook.com\\\/LoisirsetcultureValleedelaGatineau\",\n\t                \"https:\\\/\\\/www.instagram.com\\\/mrc.vallee.de.la.gatineau\\\/\"\n\t            ]\n\t        }\n\t    ]\n\t}<\/script>\n<!-- \/ Yoast SEO plugin. -->","yoast_head_json":{"title":"Muncipality of Denholm - Tourisme Vall\u00e9e-de-la-Gatineau","robots":{"index":"index","follow":"follow","max-snippet":"max-snippet:-1","max-image-preview":"max-image-preview:large","max-video-preview":"max-video-preview:-1"},"canonical":"https:\/\/tourismevalleedelagatineau.com\/en\/explore-the-region\/our-towns\/denholm\/","og_locale":"en_US","og_type":"article","og_title":"Muncipality of Denholm - Tourisme Vall\u00e9e-de-la-Gatineau","og_description":"Denholm La municipalit\u00e9 de Denholm est situ\u00e9e au sud-est du territoire de la MRC vall\u00e9e de la Gatineau. On peut associer l&#8217;origine du d\u00e9veloppement de Denholm, entre 1851 et 1861, \u00e0 la pr\u00e9sence de mines d&#8217;amiante, de serpentine et de calcite. Le chemin Paugan m\u00e8ne au barrage de la Centrale Hydro-\u00e9lectrique qui a \u00e9t\u00e9 b\u00e2ti de 1926 \u00e0 1928.La municipalit\u00e9 de Denholm compte plus de 50 lacs et son c\u00f4t\u00e9 ouest longe la rivi\u00e8re Gatineau sur une distance approximative de 15 km. La municipalit\u00e9 est sensible \u00e0 la qualit\u00e9 de ses lacs, ruisseaux et rivi\u00e8res. Elle est un havre de paix, [&hellip;]","og_url":"https:\/\/tourismevalleedelagatineau.com\/en\/explore-the-region\/our-towns\/denholm\/","og_site_name":"Tourisme Vall\u00e9e-de-la-Gatineau","article_publisher":"https:\/\/www.facebook.com\/LoisirsetcultureValleedelaGatineau","article_modified_time":"2023-05-09T13:39:23+00:00","og_image":[{"width":761,"height":390,"url":"https:\/\/tourismevalleedelagatineau.com\/wp-content\/uploads\/2023\/03\/image.png","type":"image\/png"}],"twitter_card":"summary_large_image","twitter_misc":{"Est. reading time":"2 minutes"},"schema":{"@context":"https:\/\/schema.org","@graph":[{"@type":"WebPage","@id":"https:\/\/tourismevalleedelagatineau.com\/en\/explore-the-region\/our-towns\/denholm\/","url":"https:\/\/tourismevalleedelagatineau.com\/en\/explore-the-region\/our-towns\/denholm\/","name":"Muncipality of Denholm - Tourisme Vall\u00e9e-de-la-Gatineau","isPartOf":{"@id":"https:\/\/tourismevalleedelagatineau.com\/en\/#website"},"primaryImageOfPage":{"@id":"https:\/\/tourismevalleedelagatineau.com\/en\/explore-the-region\/our-towns\/denholm\/#primaryimage"},"image":{"@id":"https:\/\/tourismevalleedelagatineau.com\/en\/explore-the-region\/our-towns\/denholm\/#primaryimage"},"thumbnailUrl":"https:\/\/tourismevalleedelagatineau.com\/wp-content\/uploads\/2023\/03\/image.png","datePublished":"2023-02-15T19:16:13+00:00","dateModified":"2023-05-09T13:39:23+00:00","breadcrumb":{"@id":"https:\/\/tourismevalleedelagatineau.com\/en\/explore-the-region\/our-towns\/denholm\/#breadcrumb"},"inLanguage":"en-CA","potentialAction":[{"@type":"ReadAction","target":["https:\/\/tourismevalleedelagatineau.com\/en\/explore-the-region\/our-towns\/denholm\/"]}]},{"@type":"ImageObject","inLanguage":"en-CA","@id":"https:\/\/tourismevalleedelagatineau.com\/en\/explore-the-region\/our-towns\/denholm\/#primaryimage","url":"https:\/\/tourismevalleedelagatineau.com\/wp-content\/uploads\/2023\/03\/image.png","contentUrl":"https:\/\/tourismevalleedelagatineau.com\/wp-content\/uploads\/2023\/03\/image.png","width":761,"height":390},{"@type":"BreadcrumbList","@id":"https:\/\/tourismevalleedelagatineau.com\/en\/explore-the-region\/our-towns\/denholm\/#breadcrumb","itemListElement":[{"@type":"ListItem","position":1,"name":"Accueil","item":"https:\/\/tourismevalleedelagatineau.com\/en\/"},{"@type":"ListItem","position":2,"name":"Explore the region","item":"https:\/\/tourismevalleedelagatineau.com\/en\/explore-the-region\/"},{"@type":"ListItem","position":3,"name":"Our towns","item":"https:\/\/tourismevalleedelagatineau.com\/en\/explore-the-region\/our-towns\/"},{"@type":"ListItem","position":4,"name":"Muncipality of Denholm"}]},{"@type":"WebSite","@id":"https:\/\/tourismevalleedelagatineau.com\/en\/#website","url":"https:\/\/tourismevalleedelagatineau.com\/en\/","name":"Tourisme Vall\u00e9e-de-la-Gatineau","description":"","publisher":{"@id":"https:\/\/tourismevalleedelagatineau.com\/en\/#organization"},"potentialAction":[{"@type":"SearchAction","target":{"@type":"EntryPoint","urlTemplate":"https:\/\/tourismevalleedelagatineau.com\/en\/?s={search_term_string}"},"query-input":{"@type":"PropertyValueSpecification","valueRequired":true,"valueName":"search_term_string"}}],"inLanguage":"en-CA"},{"@type":"Organization","@id":"https:\/\/tourismevalleedelagatineau.com\/en\/#organization","name":"Tourisme Vall\u00e9e-de-la-Gatineau","url":"https:\/\/tourismevalleedelagatineau.com\/en\/","logo":{"@type":"ImageObject","inLanguage":"en-CA","@id":"https:\/\/tourismevalleedelagatineau.com\/en\/#\/schema\/logo\/image\/","url":"https:\/\/tourismevalleedelagatineau.com\/wp-content\/uploads\/2022\/11\/logo-header.png","contentUrl":"https:\/\/tourismevalleedelagatineau.com\/wp-content\/uploads\/2022\/11\/logo-header.png","width":197,"height":57,"caption":"Tourisme Vall\u00e9e-de-la-Gatineau"},"image":{"@id":"https:\/\/tourismevalleedelagatineau.com\/en\/#\/schema\/logo\/image\/"},"sameAs":["https:\/\/www.facebook.com\/LoisirsetcultureValleedelaGatineau","https:\/\/www.instagram.com\/mrc.vallee.de.la.gatineau\/"]}]}},"_links":{"self":[{"href":"https:\/\/tourismevalleedelagatineau.com\/en\/wp-json\/wp\/v2\/pages\/3616","targetHints":{"allow":["GET"]}}],"collection":[{"href":"https:\/\/tourismevalleedelagatineau.com\/en\/wp-json\/wp\/v2\/pages"}],"about":[{"href":"https:\/\/tourismevalleedelagatineau.com\/en\/wp-json\/wp\/v2\/types\/page"}],"author":[{"embeddable":true,"href":"https:\/\/tourismevalleedelagatineau.com\/en\/wp-json\/wp\/v2\/users\/2"}],"replies":[{"embeddable":true,"href":"https:\/\/tourismevalleedelagatineau.com\/en\/wp-json\/wp\/v2\/comments?post=3616"}],"version-history":[{"count":0,"href":"https:\/\/tourismevalleedelagatineau.com\/en\/wp-json\/wp\/v2\/pages\/3616\/revisions"}],"up":[{"embeddable":true,"href":"https:\/\/tourismevalleedelagatineau.com\/en\/wp-json\/wp\/v2\/pages\/954"}],"wp:featuredmedia":[{"embeddable":true,"href":"https:\/\/tourismevalleedelagatineau.com\/en\/wp-json\/wp\/v2\/media\/4578"}],"wp:attachment":[{"href":"https:\/\/tourismevalleedelagatineau.com\/en\/wp-json\/wp\/v2\/media?parent=3616"}],"curies":[{"name":"wp","href":"https:\/\/api.w.org\/{rel}","templated":true}]}}