{"id":12845,"date":"2025-07-17T11:32:03","date_gmt":"2025-07-17T15:32:03","guid":{"rendered":"https:\/\/tourismevalleedelagatineau.com\/cartes-interactives\/"},"modified":"2025-08-19T09:56:31","modified_gmt":"2025-08-19T13:56:31","slug":"interactive-map-2","status":"publish","type":"page","link":"https:\/\/tourismevalleedelagatineau.com\/en\/interactive-map-2\/","title":{"rendered":"Interactive Map"},"content":{"rendered":"\n<div class=\"wp-block-cover alignfull is-light is-style-title-banner\"><img decoding=\"async\" width=\"684\" height=\"874\" class=\"wp-block-cover__image-background wp-image-8244 size-full lazyload\" alt=\"\" data-src=\"https:\/\/tourismevalleedelagatineau.com\/wp-content\/uploads\/2023\/07\/carte-quad.webp\" data-object-fit=\"cover\" data-srcset=\"https:\/\/tourismevalleedelagatineau.com\/wp-content\/uploads\/2023\/07\/carte-quad.webp 684w, https:\/\/tourismevalleedelagatineau.com\/wp-content\/uploads\/2023\/07\/carte-quad-235x300.webp 235w\" data-sizes=\"(max-width: 684px) 100vw, 684px\" src=\"data:image\/svg+xml;base64,PHN2ZyB3aWR0aD0iMSIgaGVpZ2h0PSIxIiB4bWxucz0iaHR0cDovL3d3dy53My5vcmcvMjAwMC9zdmciPjwvc3ZnPg==\" style=\"--smush-placeholder-width: 684px; --smush-placeholder-aspect-ratio: 684\/874;\" \/><span aria-hidden=\"true\" class=\"wp-block-cover__background has-background-dim\" style=\"background-color:#d3dfd2\"><\/span><div class=\"wp-block-cover__inner-container\"><h3 class=\"wp-block-post-title\">Interactive Map<\/h3><\/div><\/div>\n\n\n\n<div class=\"wp-block-group alignfull has-padding-y-large has-bleu-gris-bc-background-color has-background\"><div class=\"yoast-breadcrumbs alignwide \"><span class=\"breadcrumbs\"><a href=\"https:\/\/tourismevalleedelagatineau.com\/en\/\" class=\"breadcrumbs__element\">Accueil<\/a> <span class=\"breadcrumbs__separator\">\n        <svg class=\"icon icon-breadcrumb__separator\"><use xlink:href=\"#icon-breadcrumb__separator\"><\/use><\/svg>\n    <\/span> <span class=\"breadcrumbs__element breadcrumbs__element-current\">Interactive Map<\/span><\/span><\/div><\/div>\n\n\n\n<h1 class=\"wp-block-heading\"><\/h1>\n\n\n\n\n<p class=\"has-text-align-center act-lead wp-block-paragraph\">Vacationers and tourists, several interactive maps are now available to help you plan your stay.<\/p>\n\n\n\n\n<div class=\"act-collapsible\">\n<h2 class=\"wp-block-heading act-collapsible__heading\">ROADS AND CHARGING STATIONS<\/h2>\n\n\n\n<div class=\"act-collapsible__content\"><div class=\"act-collapsible__content-inner\">\n<p class=\"wp-block-paragraph\"><a href=\"https:\/\/www.quebec511.info\/fr\/carte\/default.aspx\">Carte interactive &#8211; Qu\u00e9bec 511 Transport et mobilit\u00e9 durable Qu\u00e9bec<\/a><\/p>\n\n\n\n<p class=\"wp-block-paragraph\"><a href=\"https:\/\/lecircuitelectrique.com\/fr\/trouver-une-borne\/\">Carte interactive des points de recharge \u00e9lectriques &#8211; Circuit \u00e9lectrique<\/a><\/p>\n<\/div><\/div>\n<\/div>\n\n\n\n<div class=\"act-collapsible\">\n<h2 class=\"wp-block-heading act-collapsible__heading\">VR<\/h2>\n\n\n\n<div class=\"act-collapsible__content\"><div class=\"act-collapsible__content-inner\">\n<p class=\"wp-block-paragraph\"><a href=\"https:\/\/www.directionvr.com\/map\">Carte Interactive &#8211; DirectionVR<\/a><\/p>\n<\/div><\/div>\n<\/div>\n\n\n\n<div class=\"act-collapsible\">\n<h2 class=\"wp-block-heading act-collapsible__heading\">QUAD<\/h2>\n\n\n\n<div class=\"act-collapsible__content\"><div class=\"act-collapsible__content-inner\">\n<p class=\"wp-block-paragraph\"><a href=\"https:\/\/www.fqcq.qc.ca\/carte-interactive\/\">Carte interactive IQuad Web &#8211; &nbsp;F\u00e9d\u00e9ration Qu\u00e9b\u00e9coise des Clubs Quads (FQCQ)<\/a><\/p>\n<\/div><\/div>\n<\/div>\n\n\n\n<div class=\"act-collapsible\">\n<h2 class=\"wp-block-heading act-collapsible__heading\">SNOWMOBILE<\/h2>\n\n\n\n<div class=\"act-collapsible__content\"><div class=\"act-collapsible__content-inner\">\n<p class=\"wp-block-paragraph\"><a href=\"https:\/\/fcmq.fcmqapi.ca\/#\/map\">Carte interactive iMotoneige Web &#8211; F\u00e9d\u00e9ration des Clubs de Motoneige du Qu\u00e9bec (FCMQ)<\/a><\/p>\n<\/div><\/div>\n<\/div>\n\n\n\n<div class=\"wp-block-group\">\n<div class=\"act-collapsible\">\n<h2 class=\"wp-block-heading act-collapsible__heading\">BIKE<\/h2>\n\n\n\n<div class=\"act-collapsible__content\"><div class=\"act-collapsible__content-inner\">\n<p class=\"wp-block-paragraph\"><a href=\"https:\/\/www.routeverte.com\/cartographie-route-verte\/\">Carte interactive de la Route Verte<\/a><\/p>\n\n\n\n<p class=\"wp-block-paragraph\"><a href=\"https:\/\/www.velo.qc.ca\/boite-a-outils\/bornes-de-reparation-et-ateliers-communautaires\/\">Cartes interactives des bornes de r\u00e9paration et ateliers communautaires &#8211; V\u00e9lo Qu\u00e9bec<\/a><\/p>\n\n\n\n<p class=\"wp-block-paragraph\"><a href=\"https:\/\/www.velo.qc.ca\/carte-interactive-des-sentiers-de-velo-de-montagne\/\">Carte interactive des sentiers de v\u00e9lo de montagne et de fatbike &#8211; V\u00e9lo Qu\u00e9bec<\/a><\/p>\n\n\n\n<p class=\"wp-block-paragraph\"><a href=\"https:\/\/www.velomsm.com\/trails\/\">Carte interactive des sentiers de V\u00e9lo Mont-Sainte-Marie (MSM)<br><\/a><a href=\"https:\/\/www.velo.qc.ca\/boite-a-outils\/bornes-de-reparation-et-ateliers-communautaires\/\"><br><\/a><\/p>\n<\/div><\/div>\n<\/div>\n\n\n\n<div class=\"act-collapsible\">\n<h2 class=\"wp-block-heading act-collapsible__heading\">ENVIRONMENT<\/h2>\n\n\n\n<div class=\"act-collapsible__content\"><div class=\"act-collapsible__content-inner\">\n<p class=\"wp-block-paragraph\"><a href=\"https:\/\/creddo.maps.arcgis.com\/apps\/instant\/basic\/index.html?appid=5e173cdae61c4d2abf8948290c08ff85\">Carte interactive des bandes riveraines, des milieux hydriques, des milieux humides, des zones inondables et des aires prot\u00e9g\u00e9es de l&#8217;Outaouais &#8211; Conseil r\u00e9gional de l&#8217;Environnement et du D\u00e9veloppement durable de l&#8217;Outaouasi (CREDDO)<\/a><\/p>\n\n\n\n<p class=\"wp-block-paragraph\"><a href=\"https:\/\/geoinondations.gouv.qc.ca\/\">G\u00e9oinondations &#8211; Bureau de projets de la rivi\u00e8re des Outaouais Ouest du Gouvernement du Qu\u00e9bec<\/a><\/p>\n<\/div><\/div>\n<\/div>\n<\/div>\n\n\n\n<div class=\"act-collapsible\">\n<h2 class=\"wp-block-heading act-collapsible__heading\">RECREATIONAL TOURISM<\/h2>\n\n\n\n<div class=\"act-collapsible__content\"><div class=\"act-collapsible__content-inner\">\n<p class=\"wp-block-paragraph\"><a href=\"https:\/\/www.google.com\/maps\/d\/u\/0\/viewer?mid=1PGp60gdOGAQivac3himpm2oa0zGjD70&amp;ll=46.202887228744494%2C-75.84120706856234&amp;z=11\">Carte interactive &#8211; Corporation du parc r\u00e9gional du lac 31 milles<\/a><\/p>\n\n\n\n<p class=\"wp-block-paragraph\"><a href=\"https:\/\/www.perooutaouais.ca\/#sentiers\">Carte interactive des Sentiers p\u00e9destres du PERO<\/a><\/p>\n\n\n\n<p class=\"wp-block-paragraph\"><a href=\"https:\/\/vgo.portailcartographique.gouv.qc.ca\/mobile.aspx?gpz_point=-7537596.157622272,6974970.413289411&amp;echelle=11332266&amp;epsg=3857&amp;gpz_nomMap=Territoires%20r%C3%A9cr%C3%A9atifs\">Carte interactive des territoires r\u00e9cr\u00e9atifs &#8211; Gouvernement du Qu\u00e9bec<\/a><\/p>\n<\/div><\/div>\n<\/div>\n\n\n\n<div class=\"act-collapsible\">\n<h2 class=\"wp-block-heading act-collapsible__heading\">HUNTING AND FISHING<\/h2>\n\n\n\n<div class=\"act-collapsible__content\"><div class=\"act-collapsible__content-inner\">\n<p class=\"wp-block-paragraph\"><a href=\"https:\/\/www.pourvoiries.com\/pourvoiries\">Carte interactive de Pourvoiries Qu\u00e9bec<\/a><\/p>\n\n\n\n<p class=\"wp-block-paragraph\"><a href=\"https:\/\/carte.allonspecher.com\/\">Carte interactive Allons P\u00eacher<\/a> <\/p>\n\n\n\n<p class=\"wp-block-paragraph\">Zones de p\u00eaches et stations de lavage d&#8217;embarcations<\/p>\n<\/div><\/div>\n<\/div>\n\n\n\n<div class=\"act-collapsible\">\n<h2 class=\"wp-block-heading act-collapsible__heading\">ACCOMODATION<\/h2>\n\n\n\n<div class=\"act-collapsible__content\"><div class=\"act-collapsible__content-inner\">\n<p class=\"wp-block-paragraph\"><a href=\"https:\/\/www.camping.qc.ca\/carte-interactive\">Carte interactive des campings du Qu\u00e9bec<\/a><\/p>\n<\/div><\/div>\n<\/div>\n\n\n\n<div class=\"act-collapsible\">\n<h2 class=\"wp-block-heading act-collapsible__heading\">AGRITOURISM<\/h2>\n\n\n\n<div class=\"act-collapsible__content\"><div class=\"act-collapsible__content-inner\">\n<p class=\"wp-block-paragraph\"><a href=\"https:\/\/www.croquezoutaouais.com\/carte-interactive\/\">Carte interactive &#8211; Croquez Outaouais | R\u00e9pertoire agroalimentaire<\/a><\/p>\n<\/div><\/div>\n<\/div>\n\n\n\n<div class=\"act-collapsible\">\n<h2 class=\"wp-block-heading act-collapsible__heading\">HERITAGE<\/h2>\n\n\n\n<div class=\"act-collapsible__content\"><div class=\"act-collapsible__content-inner\">\n<p class=\"wp-block-paragraph\"><a href=\"https:\/\/www.reseaupatrimoine.ca\/sur-les-traces-du-patrimoine\/carte-interactive\/?_sfm_municipalite=Vall%C3%A9e-de-la-Gatineau\">Carte interactive &#8211; R\u00e9seau Patrimoine<\/a><\/p>\n<\/div><\/div>\n<\/div>\n","protected":false},"excerpt":{"rendered":"","protected":false},"author":14,"featured_media":8245,"parent":0,"menu_order":0,"comment_status":"closed","ping_status":"closed","template":"","meta":{"_acf_changed":false,"_crdt_document":"","_eb_attr":"","inline_featured_image":false,"footnotes":""},"class_list":["post-12845","page","type-page","status-publish","has-post-thumbnail","hentry"],"acf":[],"yoast_head":"<!-- This site is optimized with the Yoast SEO plugin v27.3 - https:\/\/yoast.com\/product\/yoast-seo-wordpress\/ -->\n<title>Interactive Map - Tourisme Vall\u00e9e-de-la-Gatineau<\/title>\n<meta name=\"robots\" content=\"index, follow, max-snippet:-1, max-image-preview:large, max-video-preview:-1\" \/>\n<link rel=\"canonical\" href=\"https:\/\/tourismevalleedelagatineau.com\/en\/interactive-map-2\/\" \/>\n<meta property=\"og:locale\" content=\"en_US\" \/>\n<meta property=\"og:type\" content=\"article\" \/>\n<meta property=\"og:title\" content=\"Interactive Map - Tourisme Vall\u00e9e-de-la-Gatineau\" \/>\n<meta property=\"og:url\" content=\"https:\/\/tourismevalleedelagatineau.com\/en\/interactive-map-2\/\" \/>\n<meta property=\"og:site_name\" content=\"Tourisme Vall\u00e9e-de-la-Gatineau\" \/>\n<meta property=\"article:publisher\" content=\"https:\/\/www.facebook.com\/LoisirsetcultureValleedelaGatineau\" \/>\n<meta property=\"article:modified_time\" content=\"2025-08-19T13:56:31+00:00\" \/>\n<meta property=\"og:image\" content=\"https:\/\/tourismevalleedelagatineau.com\/wp-content\/uploads\/2023\/07\/carte-quad.webp\" \/>\n\t<meta property=\"og:image:width\" content=\"684\" \/>\n\t<meta property=\"og:image:height\" content=\"874\" \/>\n\t<meta property=\"og:image:type\" content=\"image\/webp\" \/>\n<meta name=\"twitter:card\" content=\"summary_large_image\" \/>\n<meta name=\"twitter:label1\" content=\"Est. reading time\" \/>\n\t<meta name=\"twitter:data1\" content=\"2 minutes\" \/>\n<script type=\"application\/ld+json\" class=\"yoast-schema-graph\">{\n\t    \"@context\": \"https:\\\/\\\/schema.org\",\n\t    \"@graph\": [\n\t        {\n\t            \"@type\": \"WebPage\",\n\t            \"@id\": \"https:\\\/\\\/tourismevalleedelagatineau.com\\\/en\\\/interactive-map-2\\\/\",\n\t            \"url\": \"https:\\\/\\\/tourismevalleedelagatineau.com\\\/en\\\/interactive-map-2\\\/\",\n\t            \"name\": \"Interactive Map - Tourisme Vall\u00e9e-de-la-Gatineau\",\n\t            \"isPartOf\": {\n\t                \"@id\": \"https:\\\/\\\/tourismevalleedelagatineau.com\\\/en\\\/#website\"\n\t            },\n\t            \"primaryImageOfPage\": {\n\t                \"@id\": \"https:\\\/\\\/tourismevalleedelagatineau.com\\\/en\\\/interactive-map-2\\\/#primaryimage\"\n\t            },\n\t            \"image\": {\n\t                \"@id\": \"https:\\\/\\\/tourismevalleedelagatineau.com\\\/en\\\/interactive-map-2\\\/#primaryimage\"\n\t            },\n\t            \"thumbnailUrl\": \"https:\\\/\\\/tourismevalleedelagatineau.com\\\/wp-content\\\/uploads\\\/2023\\\/07\\\/carte-quad.webp\",\n\t            \"datePublished\": \"2025-07-17T15:32:03+00:00\",\n\t            \"dateModified\": \"2025-08-19T13:56:31+00:00\",\n\t            \"breadcrumb\": {\n\t                \"@id\": \"https:\\\/\\\/tourismevalleedelagatineau.com\\\/en\\\/interactive-map-2\\\/#breadcrumb\"\n\t            },\n\t            \"inLanguage\": \"en-CA\",\n\t            \"potentialAction\": [\n\t                {\n\t                    \"@type\": \"ReadAction\",\n\t                    \"target\": [\n\t                        \"https:\\\/\\\/tourismevalleedelagatineau.com\\\/en\\\/interactive-map-2\\\/\"\n\t                    ]\n\t                }\n\t            ]\n\t        },\n\t        {\n\t            \"@type\": \"ImageObject\",\n\t            \"inLanguage\": \"en-CA\",\n\t            \"@id\": \"https:\\\/\\\/tourismevalleedelagatineau.com\\\/en\\\/interactive-map-2\\\/#primaryimage\",\n\t            \"url\": \"https:\\\/\\\/tourismevalleedelagatineau.com\\\/wp-content\\\/uploads\\\/2023\\\/07\\\/carte-quad.webp\",\n\t            \"contentUrl\": \"https:\\\/\\\/tourismevalleedelagatineau.com\\\/wp-content\\\/uploads\\\/2023\\\/07\\\/carte-quad.webp\",\n\t            \"width\": 684,\n\t            \"height\": 874\n\t        },\n\t        {\n\t            \"@type\": \"BreadcrumbList\",\n\t            \"@id\": \"https:\\\/\\\/tourismevalleedelagatineau.com\\\/en\\\/interactive-map-2\\\/#breadcrumb\",\n\t            \"itemListElement\": [\n\t                {\n\t                    \"@type\": \"ListItem\",\n\t                    \"position\": 1,\n\t                    \"name\": \"Accueil\",\n\t                    \"item\": \"https:\\\/\\\/tourismevalleedelagatineau.com\\\/en\\\/\"\n\t                },\n\t                {\n\t                    \"@type\": \"ListItem\",\n\t                    \"position\": 2,\n\t                    \"name\": \"Interactive Map\"\n\t                }\n\t            ]\n\t        },\n\t        {\n\t            \"@type\": \"WebSite\",\n\t            \"@id\": \"https:\\\/\\\/tourismevalleedelagatineau.com\\\/en\\\/#website\",\n\t            \"url\": \"https:\\\/\\\/tourismevalleedelagatineau.com\\\/en\\\/\",\n\t            \"name\": \"Tourisme Vall\u00e9e-de-la-Gatineau\",\n\t            \"description\": \"\",\n\t            \"publisher\": {\n\t                \"@id\": \"https:\\\/\\\/tourismevalleedelagatineau.com\\\/en\\\/#organization\"\n\t            },\n\t            \"potentialAction\": [\n\t                {\n\t                    \"@type\": \"SearchAction\",\n\t                    \"target\": {\n\t                        \"@type\": \"EntryPoint\",\n\t                        \"urlTemplate\": \"https:\\\/\\\/tourismevalleedelagatineau.com\\\/en\\\/?s={search_term_string}\"\n\t                    },\n\t                    \"query-input\": {\n\t                        \"@type\": \"PropertyValueSpecification\",\n\t                        \"valueRequired\": true,\n\t                        \"valueName\": \"search_term_string\"\n\t                    }\n\t                }\n\t            ],\n\t            \"inLanguage\": \"en-CA\"\n\t        },\n\t        {\n\t            \"@type\": \"Organization\",\n\t            \"@id\": \"https:\\\/\\\/tourismevalleedelagatineau.com\\\/en\\\/#organization\",\n\t            \"name\": \"Tourisme Vall\u00e9e-de-la-Gatineau\",\n\t            \"url\": \"https:\\\/\\\/tourismevalleedelagatineau.com\\\/en\\\/\",\n\t            \"logo\": {\n\t                \"@type\": \"ImageObject\",\n\t                \"inLanguage\": \"en-CA\",\n\t                \"@id\": \"https:\\\/\\\/tourismevalleedelagatineau.com\\\/en\\\/#\\\/schema\\\/logo\\\/image\\\/\",\n\t                \"url\": \"https:\\\/\\\/tourismevalleedelagatineau.com\\\/wp-content\\\/uploads\\\/2022\\\/11\\\/logo-header.png\",\n\t                \"contentUrl\": \"https:\\\/\\\/tourismevalleedelagatineau.com\\\/wp-content\\\/uploads\\\/2022\\\/11\\\/logo-header.png\",\n\t                \"width\": 197,\n\t                \"height\": 57,\n\t                \"caption\": \"Tourisme Vall\u00e9e-de-la-Gatineau\"\n\t            },\n\t            \"image\": {\n\t                \"@id\": \"https:\\\/\\\/tourismevalleedelagatineau.com\\\/en\\\/#\\\/schema\\\/logo\\\/image\\\/\"\n\t            },\n\t            \"sameAs\": [\n\t                \"https:\\\/\\\/www.facebook.com\\\/LoisirsetcultureValleedelaGatineau\",\n\t                \"https:\\\/\\\/www.instagram.com\\\/mrc.vallee.de.la.gatineau\\\/\"\n\t            ]\n\t        }\n\t    ]\n\t}<\/script>\n<!-- \/ Yoast SEO plugin. -->","yoast_head_json":{"title":"Interactive Map - Tourisme Vall\u00e9e-de-la-Gatineau","robots":{"index":"index","follow":"follow","max-snippet":"max-snippet:-1","max-image-preview":"max-image-preview:large","max-video-preview":"max-video-preview:-1"},"canonical":"https:\/\/tourismevalleedelagatineau.com\/en\/interactive-map-2\/","og_locale":"en_US","og_type":"article","og_title":"Interactive Map - Tourisme Vall\u00e9e-de-la-Gatineau","og_url":"https:\/\/tourismevalleedelagatineau.com\/en\/interactive-map-2\/","og_site_name":"Tourisme Vall\u00e9e-de-la-Gatineau","article_publisher":"https:\/\/www.facebook.com\/LoisirsetcultureValleedelaGatineau","article_modified_time":"2025-08-19T13:56:31+00:00","og_image":[{"width":684,"height":874,"url":"https:\/\/tourismevalleedelagatineau.com\/wp-content\/uploads\/2023\/07\/carte-quad.webp","type":"image\/webp"}],"twitter_card":"summary_large_image","twitter_misc":{"Est. reading time":"2 minutes"},"schema":{"@context":"https:\/\/schema.org","@graph":[{"@type":"WebPage","@id":"https:\/\/tourismevalleedelagatineau.com\/en\/interactive-map-2\/","url":"https:\/\/tourismevalleedelagatineau.com\/en\/interactive-map-2\/","name":"Interactive Map - Tourisme Vall\u00e9e-de-la-Gatineau","isPartOf":{"@id":"https:\/\/tourismevalleedelagatineau.com\/en\/#website"},"primaryImageOfPage":{"@id":"https:\/\/tourismevalleedelagatineau.com\/en\/interactive-map-2\/#primaryimage"},"image":{"@id":"https:\/\/tourismevalleedelagatineau.com\/en\/interactive-map-2\/#primaryimage"},"thumbnailUrl":"https:\/\/tourismevalleedelagatineau.com\/wp-content\/uploads\/2023\/07\/carte-quad.webp","datePublished":"2025-07-17T15:32:03+00:00","dateModified":"2025-08-19T13:56:31+00:00","breadcrumb":{"@id":"https:\/\/tourismevalleedelagatineau.com\/en\/interactive-map-2\/#breadcrumb"},"inLanguage":"en-CA","potentialAction":[{"@type":"ReadAction","target":["https:\/\/tourismevalleedelagatineau.com\/en\/interactive-map-2\/"]}]},{"@type":"ImageObject","inLanguage":"en-CA","@id":"https:\/\/tourismevalleedelagatineau.com\/en\/interactive-map-2\/#primaryimage","url":"https:\/\/tourismevalleedelagatineau.com\/wp-content\/uploads\/2023\/07\/carte-quad.webp","contentUrl":"https:\/\/tourismevalleedelagatineau.com\/wp-content\/uploads\/2023\/07\/carte-quad.webp","width":684,"height":874},{"@type":"BreadcrumbList","@id":"https:\/\/tourismevalleedelagatineau.com\/en\/interactive-map-2\/#breadcrumb","itemListElement":[{"@type":"ListItem","position":1,"name":"Accueil","item":"https:\/\/tourismevalleedelagatineau.com\/en\/"},{"@type":"ListItem","position":2,"name":"Interactive Map"}]},{"@type":"WebSite","@id":"https:\/\/tourismevalleedelagatineau.com\/en\/#website","url":"https:\/\/tourismevalleedelagatineau.com\/en\/","name":"Tourisme Vall\u00e9e-de-la-Gatineau","description":"","publisher":{"@id":"https:\/\/tourismevalleedelagatineau.com\/en\/#organization"},"potentialAction":[{"@type":"SearchAction","target":{"@type":"EntryPoint","urlTemplate":"https:\/\/tourismevalleedelagatineau.com\/en\/?s={search_term_string}"},"query-input":{"@type":"PropertyValueSpecification","valueRequired":true,"valueName":"search_term_string"}}],"inLanguage":"en-CA"},{"@type":"Organization","@id":"https:\/\/tourismevalleedelagatineau.com\/en\/#organization","name":"Tourisme Vall\u00e9e-de-la-Gatineau","url":"https:\/\/tourismevalleedelagatineau.com\/en\/","logo":{"@type":"ImageObject","inLanguage":"en-CA","@id":"https:\/\/tourismevalleedelagatineau.com\/en\/#\/schema\/logo\/image\/","url":"https:\/\/tourismevalleedelagatineau.com\/wp-content\/uploads\/2022\/11\/logo-header.png","contentUrl":"https:\/\/tourismevalleedelagatineau.com\/wp-content\/uploads\/2022\/11\/logo-header.png","width":197,"height":57,"caption":"Tourisme Vall\u00e9e-de-la-Gatineau"},"image":{"@id":"https:\/\/tourismevalleedelagatineau.com\/en\/#\/schema\/logo\/image\/"},"sameAs":["https:\/\/www.facebook.com\/LoisirsetcultureValleedelaGatineau","https:\/\/www.instagram.com\/mrc.vallee.de.la.gatineau\/"]}]}},"_links":{"self":[{"href":"https:\/\/tourismevalleedelagatineau.com\/en\/wp-json\/wp\/v2\/pages\/12845","targetHints":{"allow":["GET"]}}],"collection":[{"href":"https:\/\/tourismevalleedelagatineau.com\/en\/wp-json\/wp\/v2\/pages"}],"about":[{"href":"https:\/\/tourismevalleedelagatineau.com\/en\/wp-json\/wp\/v2\/types\/page"}],"author":[{"embeddable":true,"href":"https:\/\/tourismevalleedelagatineau.com\/en\/wp-json\/wp\/v2\/users\/14"}],"replies":[{"embeddable":true,"href":"https:\/\/tourismevalleedelagatineau.com\/en\/wp-json\/wp\/v2\/comments?post=12845"}],"version-history":[{"count":0,"href":"https:\/\/tourismevalleedelagatineau.com\/en\/wp-json\/wp\/v2\/pages\/12845\/revisions"}],"wp:featuredmedia":[{"embeddable":true,"href":"https:\/\/tourismevalleedelagatineau.com\/en\/wp-json\/wp\/v2\/media\/8245"}],"wp:attachment":[{"href":"https:\/\/tourismevalleedelagatineau.com\/en\/wp-json\/wp\/v2\/media?parent=12845"}],"curies":[{"name":"wp","href":"https:\/\/api.w.org\/{rel}","templated":true}]}}